{"id":1366,"date":"2023-07-03T12:26:55","date_gmt":"2023-07-03T10:26:55","guid":{"rendered":"https:\/\/petro-center.lu\/?page_id=1366"},"modified":"2023-08-17T14:47:45","modified_gmt":"2023-08-17T12:47:45","slug":"schmiermittel","status":"publish","type":"page","link":"https:\/\/petro-center.lu\/de\/schmiermittel\/","title":{"rendered":"Lubrifiants"},"content":{"rendered":"<div data-elementor-type=\"wp-page\" data-elementor-id=\"1366\" class=\"elementor elementor-1366\" data-elementor-post-type=\"page\">\n\t\t\t\t\t\t<section class=\"elementor-section elementor-top-section elementor-element elementor-element-d3309da elementor-section-height-min-height elementor-section-items-stretch elementor-section-content-middle elementor-section-boxed elementor-section-height-default\" data-id=\"d3309da\" data-element_type=\"section\" data-settings=\"{&quot;background_background&quot;:&quot;classic&quot;,&quot;ekit_has_onepagescroll_dot&quot;:&quot;yes&quot;}\">\n\t\t\t\t\t\t\t<div class=\"elementor-background-overlay\"><\/div>\n\t\t\t\t\t\t\t<div class=\"elementor-container elementor-column-gap-default\">\n\t\t\t\t\t<div class=\"elementor-column elementor-col-100 elementor-top-column elementor-element elementor-element-80aea51\" data-id=\"80aea51\" data-element_type=\"column\">\n\t\t\t<div class=\"elementor-widget-wrap elementor-element-populated\">\n\t\t\t\t\t\t<div class=\"elementor-element elementor-element-1d472a9 elementor-widget elementor-widget-heading\" data-id=\"1d472a9\" data-element_type=\"widget\" data-settings=\"{&quot;ekit_we_effect_on&quot;:&quot;none&quot;}\" data-widget_type=\"heading.default\">\n\t\t\t\t<div class=\"elementor-widget-container\">\n\t\t\t\t\t<h1 class=\"elementor-heading-title elementor-size-default\">Lubrifiants<\/h1>\t\t\t\t<\/div>\n\t\t\t\t<\/div>\n\t\t\t\t\t<\/div>\n\t\t<\/div>\n\t\t\t\t\t<\/div>\n\t\t<\/section>\n\t\t\t\t<section class=\"elementor-section elementor-top-section elementor-element elementor-element-28407d6d elementor-section-boxed elementor-section-height-default elementor-section-height-default\" data-id=\"28407d6d\" data-element_type=\"section\" data-settings=\"{&quot;ekit_has_onepagescroll_dot&quot;:&quot;yes&quot;}\">\n\t\t\t\t\t\t<div class=\"elementor-container elementor-column-gap-default\">\n\t\t\t\t\t<div class=\"make-column-clickable-elementor elementor-column elementor-col-20 elementor-top-column elementor-element elementor-element-0077cec elementor-invisible\" style=\"cursor: pointer;\" data-column-clickable=\"#essocard\" data-column-clickable-blank=\"_self\" data-id=\"0077cec\" data-element_type=\"column\" data-settings=\"{&quot;animation&quot;:&quot;slideInUp&quot;}\">\n\t\t\t<div class=\"elementor-widget-wrap elementor-element-populated\">\n\t\t\t\t\t\t<div class=\"elementor-element elementor-element-97470aa elementor-widget elementor-widget-menu-anchor\" data-id=\"97470aa\" data-element_type=\"widget\" data-settings=\"{&quot;ekit_we_effect_on&quot;:&quot;none&quot;}\" data-widget_type=\"menu-anchor.default\">\n\t\t\t\t<div class=\"elementor-widget-container\">\n\t\t\t\t\t\t\t<div class=\"elementor-menu-anchor\" id=\"lubrifiantsmarques\"><\/div>\n\t\t\t\t\t\t<\/div>\n\t\t\t\t<\/div>\n\t\t\t\t<div class=\"elementor-element elementor-element-f4c306e elementor-view-stacked elementor-shape-circle elementor-widget elementor-widget-icon\" data-id=\"f4c306e\" data-element_type=\"widget\" data-settings=\"{&quot;ekit_we_effect_on&quot;:&quot;none&quot;}\" data-widget_type=\"icon.default\">\n\t\t\t\t<div class=\"elementor-widget-container\">\n\t\t\t\t\t\t\t<div class=\"elementor-icon-wrapper\">\n\t\t\t<a class=\"elementor-icon elementor-animation-shrink\" href=\"#lubrifiantsmarques\">\n\t\t\t<i aria-hidden=\"true\" class=\"icon icon-star1\"><\/i>\t\t\t<\/a>\n\t\t<\/div>\n\t\t\t\t\t\t<\/div>\n\t\t\t\t<\/div>\n\t\t\t\t<div class=\"elementor-element elementor-element-82c1c0e elementor-widget elementor-widget-icon-box\" data-id=\"82c1c0e\" data-element_type=\"widget\" data-settings=\"{&quot;ekit_we_effect_on&quot;:&quot;none&quot;}\" data-widget_type=\"icon-box.default\">\n\t\t\t\t<div class=\"elementor-widget-container\">\n\t\t\t\t\t\t\t<div class=\"elementor-icon-box-wrapper\">\n\n\t\t\t\n\t\t\t\t\t\t<div class=\"elementor-icon-box-content\">\n\n\t\t\t\t\t\t\t\t\t<h4 class=\"elementor-icon-box-title\">\n\t\t\t\t\t\t<span  >\n\t\t\t\t\t\t\tNos marques\t\t\t\t\t\t<\/span>\n\t\t\t\t\t<\/h4>\n\t\t\t\t\n\t\t\t\t\n\t\t\t<\/div>\n\t\t\t\n\t\t<\/div>\n\t\t\t\t\t\t<\/div>\n\t\t\t\t<\/div>\n\t\t\t\t\t<\/div>\n\t\t<\/div>\n\t\t\t\t<div class=\"make-column-clickable-elementor elementor-column elementor-col-20 elementor-top-column elementor-element elementor-element-5767802b elementor-invisible\" style=\"cursor: pointer;\" data-column-clickable=\"#lubrifiants\" data-column-clickable-blank=\"_self\" data-id=\"5767802b\" data-element_type=\"column\" data-settings=\"{&quot;animation&quot;:&quot;slideInUp&quot;}\">\n\t\t\t<div class=\"elementor-widget-wrap elementor-element-populated\">\n\t\t\t\t\t\t<div class=\"elementor-element elementor-element-2b36de2 elementor-widget elementor-widget-menu-anchor\" data-id=\"2b36de2\" data-element_type=\"widget\" data-settings=\"{&quot;ekit_we_effect_on&quot;:&quot;none&quot;}\" data-widget_type=\"menu-anchor.default\">\n\t\t\t\t<div class=\"elementor-widget-container\">\n\t\t\t\t\t\t\t<div class=\"elementor-menu-anchor\" id=\"commandelubrifiant\"><\/div>\n\t\t\t\t\t\t<\/div>\n\t\t\t\t<\/div>\n\t\t\t\t<div class=\"elementor-element elementor-element-5bc8f2ef elementor-view-stacked elementor-shape-circle elementor-widget elementor-widget-icon\" data-id=\"5bc8f2ef\" data-element_type=\"widget\" data-settings=\"{&quot;ekit_we_effect_on&quot;:&quot;none&quot;}\" data-widget_type=\"icon.default\">\n\t\t\t\t<div class=\"elementor-widget-container\">\n\t\t\t\t\t\t\t<div class=\"elementor-icon-wrapper\">\n\t\t\t<div class=\"elementor-icon elementor-animation-shrink\">\n\t\t\t<svg xmlns=\"http:\/\/www.w3.org\/2000\/svg\" width=\"128\" height=\"128\" viewbox=\"0 0 128 128\"><title>BARREL<\/title><g><path d=\"M101.133,27.363c0-9.148-16.311-16.313-37.133-16.313S26.867,18.215,26.867,27.363c0,.018,0,.035,0,.053V100.64c0,9.146,16.31,16.31,37.13,16.31s37.13-7.164,37.13-16.31V27.416C101.13,27.4,101.133,27.381,101.133,27.363ZM97.63,77.08c0,3.767-5.109,7.638-13.332,10.1A72,72,0,0,1,64,89.89a71.983,71.983,0,0,1-20.3-2.706c-8.224-2.466-13.333-6.337-13.333-10.1V59.245C36.245,64.78,48.94,68.53,64,68.53s27.755-3.75,33.63-9.285Zm0-24.86c0,7.549-17.724,12.81-33.63,12.81S30.37,59.769,30.37,52.22V34.392c5.876,5.536,18.571,9.285,33.63,9.285s27.754-3.749,33.63-9.285ZM64,14.55c15.895,0,33.6,5.253,33.631,12.795V27.4C97.567,34.933,79.88,40.177,64,40.177S30.433,34.933,30.37,27.4v-.058C30.4,19.8,48.106,14.55,64,14.55Zm0,98.9c-15.906,0-33.63-5.26-33.63-12.81V84.164c2.7,2.545,6.875,4.738,12.328,6.372A75.489,75.489,0,0,0,64,93.39a75.511,75.511,0,0,0,21.3-2.854c5.452-1.634,9.631-3.827,12.327-6.372V100.64C97.63,108.19,79.906,113.45,64,113.45Z\"><\/path><path d=\"M53.677,33.362c6,0,12.073-2.06,12.073-6s-6.073-6-12.073-6-12.073,2.061-12.073,6S47.678,33.362,53.677,33.362Zm0-8.5c5.625,0,8.573,1.857,8.573,2.5s-2.948,2.5-8.573,2.5-8.573-1.857-8.573-2.5S48.052,24.864,53.677,24.864Z\"><\/path><\/g><\/svg>\t\t\t<\/div>\n\t\t<\/div>\n\t\t\t\t\t\t<\/div>\n\t\t\t\t<\/div>\n\t\t\t\t<div class=\"elementor-element elementor-element-6e8ab7ca elementor-widget elementor-widget-icon-box\" data-id=\"6e8ab7ca\" data-element_type=\"widget\" data-settings=\"{&quot;ekit_we_effect_on&quot;:&quot;none&quot;}\" data-widget_type=\"icon-box.default\">\n\t\t\t\t<div class=\"elementor-widget-container\">\n\t\t\t\t\t\t\t<div class=\"elementor-icon-box-wrapper\">\n\n\t\t\t\n\t\t\t\t\t\t<div class=\"elementor-icon-box-content\">\n\n\t\t\t\t\t\t\t\t\t<h4 class=\"elementor-icon-box-title\">\n\t\t\t\t\t\t<span  >\n\t\t\t\t\t\t\tLes lubrifiants\t\t\t\t\t\t<\/span>\n\t\t\t\t\t<\/h4>\n\t\t\t\t\n\t\t\t\t\n\t\t\t<\/div>\n\t\t\t\n\t\t<\/div>\n\t\t\t\t\t\t<\/div>\n\t\t\t\t<\/div>\n\t\t\t\t\t<\/div>\n\t\t<\/div>\n\t\t\t\t<div class=\"make-column-clickable-elementor elementor-column elementor-col-20 elementor-top-column elementor-element elementor-element-fde63e2 elementor-invisible\" style=\"cursor: pointer;\" data-column-clickable=\"#essocard\" data-column-clickable-blank=\"_self\" data-id=\"fde63e2\" data-element_type=\"column\" data-settings=\"{&quot;animation&quot;:&quot;slideInUp&quot;}\">\n\t\t\t<div class=\"elementor-widget-wrap elementor-element-populated\">\n\t\t\t\t\t\t<div class=\"elementor-element elementor-element-90de8e6 elementor-widget elementor-widget-menu-anchor\" data-id=\"90de8e6\" data-element_type=\"widget\" data-settings=\"{&quot;ekit_we_effect_on&quot;:&quot;none&quot;}\" data-widget_type=\"menu-anchor.default\">\n\t\t\t\t<div class=\"elementor-widget-container\">\n\t\t\t\t\t\t\t<div class=\"elementor-menu-anchor\" id=\"commandelubrifiant\"><\/div>\n\t\t\t\t\t\t<\/div>\n\t\t\t\t<\/div>\n\t\t\t\t<div class=\"elementor-element elementor-element-088e365 elementor-view-stacked elementor-shape-circle elementor-widget elementor-widget-icon\" data-id=\"088e365\" data-element_type=\"widget\" data-settings=\"{&quot;ekit_we_effect_on&quot;:&quot;none&quot;}\" data-widget_type=\"icon.default\">\n\t\t\t\t<div class=\"elementor-widget-container\">\n\t\t\t\t\t\t\t<div class=\"elementor-icon-wrapper\">\n\t\t\t<div class=\"elementor-icon elementor-animation-shrink\">\n\t\t\t<i aria-hidden=\"true\" class=\"icon icon-truck-2\"><\/i>\t\t\t<\/div>\n\t\t<\/div>\n\t\t\t\t\t\t<\/div>\n\t\t\t\t<\/div>\n\t\t\t\t<div class=\"elementor-element elementor-element-2b3671b elementor-widget elementor-widget-icon-box\" data-id=\"2b3671b\" data-element_type=\"widget\" data-settings=\"{&quot;ekit_we_effect_on&quot;:&quot;none&quot;}\" data-widget_type=\"icon-box.default\">\n\t\t\t\t<div class=\"elementor-widget-container\">\n\t\t\t\t\t\t\t<div class=\"elementor-icon-box-wrapper\">\n\n\t\t\t\n\t\t\t\t\t\t<div class=\"elementor-icon-box-content\">\n\n\t\t\t\t\t\t\t\t\t<h4 class=\"elementor-icon-box-title\">\n\t\t\t\t\t\t<span  >\n\t\t\t\t\t\t\tCommander\t\t\t\t\t\t<\/span>\n\t\t\t\t\t<\/h4>\n\t\t\t\t\n\t\t\t\t\n\t\t\t<\/div>\n\t\t\t\n\t\t<\/div>\n\t\t\t\t\t\t<\/div>\n\t\t\t\t<\/div>\n\t\t\t\t\t<\/div>\n\t\t<\/div>\n\t\t\t\t<div class=\"elementor-column elementor-col-20 elementor-top-column elementor-element elementor-element-24f1f6f\" data-id=\"24f1f6f\" data-element_type=\"column\">\n\t\t\t<div class=\"elementor-widget-wrap\">\n\t\t\t\t\t\t\t<\/div>\n\t\t<\/div>\n\t\t\t\t<div class=\"elementor-column elementor-col-20 elementor-top-column elementor-element elementor-element-92d1f4f\" data-id=\"92d1f4f\" data-element_type=\"column\">\n\t\t\t<div class=\"elementor-widget-wrap\">\n\t\t\t\t\t\t\t<\/div>\n\t\t<\/div>\n\t\t\t\t\t<\/div>\n\t\t<\/section>\n\t\t\t\t<section class=\"elementor-section elementor-top-section elementor-element elementor-element-7c70bab0 elementor-section-boxed elementor-section-height-default elementor-section-height-default\" data-id=\"7c70bab0\" data-element_type=\"section\" data-settings=\"{&quot;ekit_has_onepagescroll_dot&quot;:&quot;yes&quot;}\">\n\t\t\t\t\t\t<div class=\"elementor-container elementor-column-gap-default\">\n\t\t\t\t\t<div class=\"elementor-column elementor-col-50 elementor-top-column elementor-element elementor-element-3f9a87d1\" data-id=\"3f9a87d1\" data-element_type=\"column\">\n\t\t\t<div class=\"elementor-widget-wrap elementor-element-populated\">\n\t\t\t\t\t\t<div class=\"elementor-element elementor-element-6b067147 elementor-widget elementor-widget-heading\" data-id=\"6b067147\" data-element_type=\"widget\" data-settings=\"{&quot;ekit_we_effect_on&quot;:&quot;none&quot;}\" data-widget_type=\"heading.default\">\n\t\t\t\t<div class=\"elementor-widget-container\">\n\t\t\t\t\t<h2 class=\"elementor-heading-title elementor-size-default\">Les meilleures huiles lubrifiantes pour vos v\u00e9hicules <\/h2>\t\t\t\t<\/div>\n\t\t\t\t<\/div>\n\t\t\t\t<div class=\"elementor-element elementor-element-1b77c267 elementor-widget elementor-widget-text-editor\" data-id=\"1b77c267\" data-element_type=\"widget\" data-settings=\"{&quot;ekit_we_effect_on&quot;:&quot;none&quot;}\" data-widget_type=\"text-editor.default\">\n\t\t\t\t<div class=\"elementor-widget-container\">\n\t\t\t\t\t\t\t\t\t<p><b>Mobil <\/b><span style=\"font-weight: 400;\">et <\/span><b>Q8 Oils<\/b><span style=\"font-weight: 400;\">, sont la solution pour tous vos besoins en mati\u00e8re de lubrifiant<\/span><\/p><ul><li><span style=\"font-weight: 400;\">huile moteur,<\/span><\/li><li><span style=\"font-weight: 400;\">fluide \u00e0 base de synth\u00e8se<\/span><span style=\"font-weight: 400;\"> pour moto,<\/span><\/li><li><span style=\"font-weight: 400;\">fluide pour essieux<\/span><\/li><li><span style=\"font-weight: 400;\">huile de transmission, <\/span><\/li><\/ul><p><span style=\"font-weight: 400;\">nous disposons d\u2019une large gamme de lubrifiants pour tous types de v\u00e9hicules et besoins.<\/span><\/p>\t\t\t\t\t\t\t\t<\/div>\n\t\t\t\t<\/div>\n\t\t\t\t\t<\/div>\n\t\t<\/div>\n\t\t\t\t<div class=\"elementor-column elementor-col-50 elementor-top-column elementor-element elementor-element-8dcbe48\" data-id=\"8dcbe48\" data-element_type=\"column\">\n\t\t\t<div class=\"elementor-widget-wrap elementor-element-populated\">\n\t\t\t\t\t\t<div class=\"elementor-element elementor-element-6a0c304 elementor-widget elementor-widget-image\" data-id=\"6a0c304\" data-element_type=\"widget\" data-settings=\"{&quot;ekit_we_effect_on&quot;:&quot;none&quot;}\" data-widget_type=\"image.default\">\n\t\t\t\t<div class=\"elementor-widget-container\">\n\t\t\t\t\t\t\t\t\t\t\t\t\t\t\t<img fetchpriority=\"high\" decoding=\"async\" width=\"400\" height=\"400\" src=\"https:\/\/petro-center.lu\/wp-content\/uploads\/2023\/07\/Petro-Center-Design-photos-site-1024-\u00d7-1024-px.png\" class=\"attachment-large size-large wp-image-1423\" alt=\"Petro Center Esso Stations essence Luxembourg Carburant Chauffage Gaz Pellets Lubrifiant Livraison Borne de recharge\" srcset=\"https:\/\/petro-center.lu\/wp-content\/uploads\/2023\/07\/Petro-Center-Design-photos-site-1024-\u00d7-1024-px.png 400w, https:\/\/petro-center.lu\/wp-content\/uploads\/2023\/07\/Petro-Center-Design-photos-site-1024-\u00d7-1024-px-300x300.png 300w, https:\/\/petro-center.lu\/wp-content\/uploads\/2023\/07\/Petro-Center-Design-photos-site-1024-\u00d7-1024-px-150x150.png 150w\" sizes=\"(max-width: 400px) 100vw, 400px\" \/>\t\t\t\t\t\t\t\t\t\t\t\t\t\t\t<\/div>\n\t\t\t\t<\/div>\n\t\t\t\t\t<\/div>\n\t\t<\/div>\n\t\t\t\t\t<\/div>\n\t\t<\/section>\n\t\t\t\t<section class=\"elementor-section elementor-top-section elementor-element elementor-element-ae36842 elementor-section-boxed elementor-section-height-default elementor-section-height-default\" data-id=\"ae36842\" data-element_type=\"section\" data-settings=\"{&quot;ekit_has_onepagescroll_dot&quot;:&quot;yes&quot;}\">\n\t\t\t\t\t\t<div class=\"elementor-container elementor-column-gap-default\">\n\t\t\t\t\t<div class=\"elementor-column elementor-col-50 elementor-top-column elementor-element elementor-element-92da5aa\" data-id=\"92da5aa\" data-element_type=\"column\">\n\t\t\t<div class=\"elementor-widget-wrap elementor-element-populated\">\n\t\t\t\t\t\t<div class=\"elementor-element elementor-element-f769359 elementor-invisible elementor-widget elementor-widget-image\" data-id=\"f769359\" data-element_type=\"widget\" data-settings=\"{&quot;_animation&quot;:&quot;slideInLeft&quot;,&quot;ekit_we_effect_on&quot;:&quot;none&quot;}\" data-widget_type=\"image.default\">\n\t\t\t\t<div class=\"elementor-widget-container\">\n\t\t\t\t\t\t\t\t\t\t\t\t\t\t\t<img decoding=\"async\" width=\"2560\" height=\"1707\" src=\"https:\/\/petro-center.lu\/wp-content\/uploads\/2023\/07\/Mobil-lubrifiant-huilemoteur-scaled.jpg\" class=\"attachment-full size-full wp-image-1461\" alt=\"Petro Center Esso Stations essence Luxembourg Carburant Chauffage Gaz Pellets Lubrifiant Livraison Borne de recharge\" srcset=\"https:\/\/petro-center.lu\/wp-content\/uploads\/2023\/07\/Mobil-lubrifiant-huilemoteur-scaled.jpg 2560w, https:\/\/petro-center.lu\/wp-content\/uploads\/2023\/07\/Mobil-lubrifiant-huilemoteur-scaled-300x200.jpg 300w, https:\/\/petro-center.lu\/wp-content\/uploads\/2023\/07\/Mobil-lubrifiant-huilemoteur-scaled-1024x683.jpg 1024w, https:\/\/petro-center.lu\/wp-content\/uploads\/2023\/07\/Mobil-lubrifiant-huilemoteur-scaled-768x512.jpg 768w, https:\/\/petro-center.lu\/wp-content\/uploads\/2023\/07\/Mobil-lubrifiant-huilemoteur-scaled-1536x1024.jpg 1536w, https:\/\/petro-center.lu\/wp-content\/uploads\/2023\/07\/Mobil-lubrifiant-huilemoteur-scaled-2048x1366.jpg 2048w\" sizes=\"(max-width: 2560px) 100vw, 2560px\" \/>\t\t\t\t\t\t\t\t\t\t\t\t\t\t\t<\/div>\n\t\t\t\t<\/div>\n\t\t\t\t\t<\/div>\n\t\t<\/div>\n\t\t\t\t<div class=\"make-column-clickable-elementor elementor-column elementor-col-50 elementor-top-column elementor-element elementor-element-84a40bc\" style=\"cursor: pointer;\" data-column-clickable=\"http:\/\/lubrifiantsmarques\" data-column-clickable-blank=\"_self\" data-id=\"84a40bc\" data-element_type=\"column\">\n\t\t\t<div class=\"elementor-widget-wrap elementor-element-populated\">\n\t\t\t\t\t\t<div class=\"elementor-element elementor-element-078f230 elementor-widget elementor-widget-heading\" data-id=\"078f230\" data-element_type=\"widget\" data-settings=\"{&quot;ekit_we_effect_on&quot;:&quot;none&quot;}\" data-widget_type=\"heading.default\">\n\t\t\t\t<div class=\"elementor-widget-container\">\n\t\t\t\t\t<h2 class=\"elementor-heading-title elementor-size-default\">Expertise et solutions compl\u00e8tes en lubrification<\/h2>\t\t\t\t<\/div>\n\t\t\t\t<\/div>\n\t\t\t\t<div class=\"elementor-element elementor-element-3400093 elementor-widget elementor-widget-text-editor\" data-id=\"3400093\" data-element_type=\"widget\" data-settings=\"{&quot;ekit_we_effect_on&quot;:&quot;none&quot;}\" data-widget_type=\"text-editor.default\">\n\t\t\t\t<div class=\"elementor-widget-container\">\n\t\t\t\t\t\t\t\t\t<p>En tant que distributeur officiel des lubrifiants Mobil et Q8 Oils, nous offrons \u00e0 notre client\u00e8le une <strong>assistance technique et commerciale<\/strong>.\u00a0<\/p><p>Notre sp\u00e9cialiste en lubrification vous conseillera pour un meilleur <strong>rendement<\/strong> et une <strong>efficacit\u00e9 optimale<\/strong> de vos op\u00e9rations.\u00a0<\/p>\t\t\t\t\t\t\t\t<\/div>\n\t\t\t\t<\/div>\n\t\t\t\t<div class=\"elementor-element elementor-element-dd6766b elementor-align-left elementor-mobile-align-center elementor-widget elementor-widget-button\" data-id=\"dd6766b\" data-element_type=\"widget\" data-settings=\"{&quot;ekit_we_effect_on&quot;:&quot;none&quot;}\" data-widget_type=\"button.default\">\n\t\t\t\t<div class=\"elementor-widget-container\">\n\t\t\t\t\t\t\t\t\t<div class=\"elementor-button-wrapper\">\n\t\t\t\t\t<a class=\"elementor-button elementor-button-link elementor-size-md elementor-animation-shrink\" href=\"tel:+263727907\">\n\t\t\t\t\t\t<span class=\"elementor-button-content-wrapper\">\n\t\t\t\t\t\t<span class=\"elementor-button-icon\">\n\t\t\t\t<svg aria-hidden=\"true\" class=\"e-font-icon-svg e-fas-phone-alt\" viewbox=\"0 0 512 512\" xmlns=\"http:\/\/www.w3.org\/2000\/svg\"><path d=\"M497.39 361.8l-112-48a24 24 0 0 0-28 6.9l-49.6 60.6A370.66 370.66 0 0 1 130.6 204.11l60.6-49.6a23.94 23.94 0 0 0 6.9-28l-48-112A24.16 24.16 0 0 0 122.6.61l-104 24A24 24 0 0 0 0 48c0 256.5 207.9 464 464 464a24 24 0 0 0 23.4-18.6l24-104a24.29 24.29 0 0 0-14.01-27.6z\"><\/path><\/svg>\t\t\t<\/span>\n\t\t\t\t\t\t\t\t\t<span class=\"elementor-button-text\">Appeler Eddy notre r\u00e9f\u00e9rent lubrifiant<\/span>\n\t\t\t\t\t<\/span>\n\t\t\t\t\t<\/a>\n\t\t\t\t<\/div>\n\t\t\t\t\t\t\t\t<\/div>\n\t\t\t\t<\/div>\n\t\t\t\t\t<\/div>\n\t\t<\/div>\n\t\t\t\t\t<\/div>\n\t\t<\/section>\n\t\t\t\t<section class=\"elementor-section elementor-top-section elementor-element elementor-element-4e8c3e45 elementor-section-boxed elementor-section-height-default elementor-section-height-default\" data-id=\"4e8c3e45\" data-element_type=\"section\" data-settings=\"{&quot;background_background&quot;:&quot;classic&quot;,&quot;ekit_has_onepagescroll_dot&quot;:&quot;yes&quot;}\">\n\t\t\t\t\t\t\t<div class=\"elementor-background-overlay\"><\/div>\n\t\t\t\t\t\t\t<div class=\"elementor-container elementor-column-gap-default\">\n\t\t\t\t\t<div class=\"make-column-clickable-elementor elementor-column elementor-col-100 elementor-top-column elementor-element elementor-element-5499a73e\" style=\"cursor: pointer;\" data-column-clickable=\"http:\/\/commandelubrifiant\" data-column-clickable-blank=\"_self\" data-id=\"5499a73e\" data-element_type=\"column\">\n\t\t\t<div class=\"elementor-widget-wrap elementor-element-populated\">\n\t\t\t\t\t\t<div class=\"elementor-element elementor-element-a70a13d elementor-widget elementor-widget-menu-anchor\" data-id=\"a70a13d\" data-element_type=\"widget\" data-settings=\"{&quot;ekit_we_effect_on&quot;:&quot;none&quot;}\" data-widget_type=\"menu-anchor.default\">\n\t\t\t\t<div class=\"elementor-widget-container\">\n\t\t\t\t\t\t\t<div class=\"elementor-menu-anchor\" id=\"lubrifiants\"><\/div>\n\t\t\t\t\t\t<\/div>\n\t\t\t\t<\/div>\n\t\t\t\t<div class=\"elementor-element elementor-element-1802924 elementor-widget elementor-widget-heading\" data-id=\"1802924\" data-element_type=\"widget\" data-settings=\"{&quot;ekit_we_effect_on&quot;:&quot;none&quot;}\" data-widget_type=\"heading.default\">\n\t\t\t\t<div class=\"elementor-widget-container\">\n\t\t\t\t\t<h2 class=\"elementor-heading-title elementor-size-default\">Les lubrifiants Petro Center<\/h2>\t\t\t\t<\/div>\n\t\t\t\t<\/div>\n\t\t\t\t<section class=\"elementor-section elementor-inner-section elementor-element elementor-element-e0b83e9 elementor-section-boxed elementor-section-height-default elementor-section-height-default\" data-id=\"e0b83e9\" data-element_type=\"section\" data-settings=\"{&quot;ekit_has_onepagescroll_dot&quot;:&quot;yes&quot;}\">\n\t\t\t\t\t\t<div class=\"elementor-container elementor-column-gap-default\">\n\t\t\t\t\t<div class=\"elementor-column elementor-col-50 elementor-inner-column elementor-element elementor-element-34d74d5\" data-id=\"34d74d5\" data-element_type=\"column\">\n\t\t\t<div class=\"elementor-widget-wrap elementor-element-populated\">\n\t\t\t\t\t\t<div class=\"elementor-element elementor-element-0fef6da elementor-align-center elementor-widget elementor-widget-button\" data-id=\"0fef6da\" data-element_type=\"widget\" data-settings=\"{&quot;ekit_we_effect_on&quot;:&quot;none&quot;}\" data-widget_type=\"button.default\">\n\t\t\t\t<div class=\"elementor-widget-container\">\n\t\t\t\t\t\t\t\t\t<div class=\"elementor-button-wrapper\">\n\t\t\t\t\t<a class=\"elementor-button elementor-button-link elementor-size-sm elementor-animation-shrink\" href=\"https:\/\/www.q8oils.com\/fr\/produits\" target=\"_blank\">\n\t\t\t\t\t\t<span class=\"elementor-button-content-wrapper\">\n\t\t\t\t\t\t\t\t\t<span class=\"elementor-button-text\">D\u00e9couvrir la gamme Q8 Oils<\/span>\n\t\t\t\t\t<\/span>\n\t\t\t\t\t<\/a>\n\t\t\t\t<\/div>\n\t\t\t\t\t\t\t\t<\/div>\n\t\t\t\t<\/div>\n\t\t\t\t\t<\/div>\n\t\t<\/div>\n\t\t\t\t<div class=\"elementor-column elementor-col-50 elementor-inner-column elementor-element elementor-element-cd69e89\" data-id=\"cd69e89\" data-element_type=\"column\">\n\t\t\t<div class=\"elementor-widget-wrap elementor-element-populated\">\n\t\t\t\t\t\t<div class=\"elementor-element elementor-element-ca2385f elementor-align-center elementor-widget elementor-widget-button\" data-id=\"ca2385f\" data-element_type=\"widget\" data-settings=\"{&quot;ekit_we_effect_on&quot;:&quot;none&quot;}\" data-widget_type=\"button.default\">\n\t\t\t\t<div class=\"elementor-widget-container\">\n\t\t\t\t\t\t\t\t\t<div class=\"elementor-button-wrapper\">\n\t\t\t\t\t<a class=\"elementor-button elementor-button-link elementor-size-sm elementor-animation-shrink\" href=\"https:\/\/petro-center.lu\/de\/bestellung\/\">\n\t\t\t\t\t\t<span class=\"elementor-button-content-wrapper\">\n\t\t\t\t\t\t\t\t\t<span class=\"elementor-button-text\">Passer commande<\/span>\n\t\t\t\t\t<\/span>\n\t\t\t\t\t<\/a>\n\t\t\t\t<\/div>\n\t\t\t\t\t\t\t\t<\/div>\n\t\t\t\t<\/div>\n\t\t\t\t\t<\/div>\n\t\t<\/div>\n\t\t\t\t\t<\/div>\n\t\t<\/section>\n\t\t\t\t\t<\/div>\n\t\t<\/div>\n\t\t\t\t\t<\/div>\n\t\t<\/section>\n\t\t\t\t<\/div>","protected":false},"excerpt":{"rendered":"<p>Lubrifiants Nos marques BARREL Les lubrifiants Commander Les meilleures huiles lubrifiantes pour vos v\u00e9hicules Mobil et Q8 Oils, sont la solution pour tous vos besoins en mati\u00e8re de lubrifiant huile moteur, fluide \u00e0 base de synth\u00e8se pour moto, fluide pour essieux huile de transmission, nous disposons d\u2019une large gamme de lubrifiants pour tous types de [&hellip;]<\/p>","protected":false},"author":6,"featured_media":0,"parent":0,"menu_order":0,"comment_status":"closed","ping_status":"closed","template":"","meta":{"_seopress_robots_primary_cat":"","_seopress_titles_title":"Lubrifiants | Petro-Center Luxembourg","_seopress_titles_desc":"","_seopress_robots_index":"","footnotes":""},"class_list":["post-1366","page","type-page","status-publish","hentry"],"_links":{"self":[{"href":"https:\/\/petro-center.lu\/de\/wp-json\/wp\/v2\/pages\/1366","targetHints":{"allow":["GET"]}}],"collection":[{"href":"https:\/\/petro-center.lu\/de\/wp-json\/wp\/v2\/pages"}],"about":[{"href":"https:\/\/petro-center.lu\/de\/wp-json\/wp\/v2\/types\/page"}],"author":[{"embeddable":true,"href":"https:\/\/petro-center.lu\/de\/wp-json\/wp\/v2\/users\/6"}],"replies":[{"embeddable":true,"href":"https:\/\/petro-center.lu\/de\/wp-json\/wp\/v2\/comments?post=1366"}],"version-history":[{"count":36,"href":"https:\/\/petro-center.lu\/de\/wp-json\/wp\/v2\/pages\/1366\/revisions"}],"predecessor-version":[{"id":2282,"href":"https:\/\/petro-center.lu\/de\/wp-json\/wp\/v2\/pages\/1366\/revisions\/2282"}],"wp:attachment":[{"href":"https:\/\/petro-center.lu\/de\/wp-json\/wp\/v2\/media?parent=1366"}],"curies":[{"name":"wp","href":"https:\/\/api.w.org\/{rel}","templated":true}]}}