{"id":2463,"date":"2023-08-16T11:50:58","date_gmt":"2023-08-16T09:50:58","guid":{"rendered":"https:\/\/petro-center.lu\/?page_id=2463"},"modified":"2023-08-17T14:48:03","modified_gmt":"2023-08-17T12:48:03","slug":"privacy-policy","status":"publish","type":"page","link":"https:\/\/petro-center.lu\/en\/privacy-policy\/","title":{"rendered":"Politique de confidentialit\u00e9"},"content":{"rendered":"<div data-elementor-type=\"wp-page\" data-elementor-id=\"2463\" class=\"elementor elementor-2463\" data-elementor-post-type=\"page\">\n\t\t\t\t\t\t<section class=\"elementor-section elementor-top-section elementor-element elementor-element-a7d95c7 elementor-section-height-min-height elementor-section-items-stretch elementor-section-content-middle elementor-section-boxed elementor-section-height-default\" data-id=\"a7d95c7\" data-element_type=\"section\" data-settings=\"{&quot;background_background&quot;:&quot;classic&quot;,&quot;ekit_has_onepagescroll_dot&quot;:&quot;yes&quot;}\">\n\t\t\t\t\t\t\t<div class=\"elementor-background-overlay\"><\/div>\n\t\t\t\t\t\t\t<div class=\"elementor-container elementor-column-gap-default\">\n\t\t\t\t\t<div class=\"elementor-column elementor-col-100 elementor-top-column elementor-element elementor-element-2ffff69\" data-id=\"2ffff69\" data-element_type=\"column\">\n\t\t\t<div class=\"elementor-widget-wrap elementor-element-populated\">\n\t\t\t\t\t\t<div class=\"elementor-element elementor-element-3cb3bd6 elementor-widget elementor-widget-heading\" data-id=\"3cb3bd6\" data-element_type=\"widget\" data-settings=\"{&quot;ekit_we_effect_on&quot;:&quot;none&quot;}\" data-widget_type=\"heading.default\">\n\t\t\t\t<div class=\"elementor-widget-container\">\n\t\t\t\t\t<h1 class=\"elementor-heading-title elementor-size-default\">Politique de confidentialit\u00e9<\/h1>\t\t\t\t<\/div>\n\t\t\t\t<\/div>\n\t\t\t\t\t<\/div>\n\t\t<\/div>\n\t\t\t\t\t<\/div>\n\t\t<\/section>\n\t\t\t\t<section class=\"elementor-section elementor-top-section elementor-element elementor-element-29722783 elementor-section-boxed elementor-section-height-default elementor-section-height-default\" data-id=\"29722783\" data-element_type=\"section\" data-settings=\"{&quot;ekit_has_onepagescroll_dot&quot;:&quot;yes&quot;}\">\n\t\t\t\t\t\t<div class=\"elementor-container elementor-column-gap-default\">\n\t\t\t\t\t<div class=\"elementor-column elementor-col-100 elementor-top-column elementor-element elementor-element-7196efa9\" data-id=\"7196efa9\" data-element_type=\"column\">\n\t\t\t<div class=\"elementor-widget-wrap elementor-element-populated\">\n\t\t\t\t\t\t<div class=\"elementor-element elementor-element-5c9787ca elementor-widget elementor-widget-text-editor\" data-id=\"5c9787ca\" data-element_type=\"widget\" data-settings=\"{&quot;ekit_we_effect_on&quot;:&quot;none&quot;}\" data-widget_type=\"text-editor.default\">\n\t\t\t\t<div class=\"elementor-widget-container\">\n\t\t\t\t\t\t\t\t\t<h3 class=\"privacy-policy-h3\">Derni\u00e8re mise \u00e0 jour le 16 ao\u00fbt 2023<br \/>Date d&rsquo;entr\u00e9e en vigueur 16 ao\u00fbt 2023<\/h3>\n<p class=\"privacy-policy-p\">Cette politique de confidentialit\u00e9 d\u00e9crit les politiques de Petro-Center SA, 2, rue Jean Fischbach, 3372 LEUDELANGE, LUXEMBOURG, LEUDELANGE 3372, Luxembourg, email : contact@fskilwm.cluster100.hosting.ovh.net, t\u00e9l\u00e9phone : +352 26 37 27-1 sur la collecte , l&rsquo;utilisation et la divulgation de vos informations que nous collectons lorsque vous utilisez notre site Internet ( https:\/\/petro-center.lu ).\u00a0(le service\u00a0\u00bb).\u00a0En acc\u00e9dant ou en utilisant le Service, vous consentez \u00e0 la collecte, \u00e0 l&rsquo;utilisation et \u00e0 la divulgation de vos informations conform\u00e9ment \u00e0 la pr\u00e9sente Politique de confidentialit\u00e9.\u00a0Si vous ne consentez pas \u00e0 la m\u00eame chose, veuillez ne pas acc\u00e9der ou utiliser le Service.<\/p>\n<p class=\"privacy-policy-p\">Nous pouvons modifier cette politique de confidentialit\u00e9 \u00e0 tout moment sans pr\u00e9avis et publierons la politique de confidentialit\u00e9 r\u00e9vis\u00e9e sur le service.\u00a0La politique r\u00e9vis\u00e9e entrera en vigueur 180 jours \u00e0 compter de la publication de la politique r\u00e9vis\u00e9e dans le service et votre acc\u00e8s ou utilisation continus du service apr\u00e8s cette p\u00e9riode constituera votre acceptation de la politique de confidentialit\u00e9 r\u00e9vis\u00e9e.\u00a0Nous vous recommandons donc de consulter p\u00e9riodiquement cette page.<\/p>\n<h2 class=\"privacy-policy-h2\">INFORMATIONS QUE NOUS RECUEILLONS :<\/h2>\n<p class=\"privacy-policy-p\">Nous collecterons et traiterons les informations personnelles suivantes vous concernant :<\/p>\n<ol>\n<li style=\"list-style-type: none;\">\n<ol class=\"privacy-policy-ol\">\n<li>Nom<\/li>\n<li>E-mail<\/li>\n<li>Mobile<\/li>\n<li>Adresse professionnelle<\/li>\n<\/ol>\n<\/li>\n<\/ol>\n<h2 class=\"privacy-policy-h2\">COMMENT NOUS UTILISONS VOS INFORMATIONS\u00a0:<\/h2>\n<p class=\"privacy-policy-p\">Nous utiliserons les informations que nous recueillons \u00e0 votre sujet aux fins suivantes :<\/p>\n<ol class=\"privacy-policy-ol\">\n<li>Marketing\/ promotionnel<\/li>\n<li>G\u00e9rer la commande client<\/li>\n<\/ol>\n<p class=\"privacy-policy-p\">Si nous souhaitons utiliser vos informations \u00e0 d&rsquo;autres fins, nous vous demanderons votre consentement et n&rsquo;utiliserons vos informations qu&rsquo;apr\u00e8s avoir re\u00e7u votre consentement, puis uniquement aux fins pour lesquelles nous accordons votre consentement, sauf si nous sommes tenus de faire autrement par loi.<\/p>\n<h2 class=\"privacy-policy-h2\">COMMENT NOUS PARTAGEONS VOS INFORMATIONS\u00a0:<\/h2>\n<p class=\"privacy-policy-p\">Nous ne transf\u00e9rerons pas vos informations personnelles \u00e0 des tiers sans demander votre consentement, sauf dans des circonstances limit\u00e9es d\u00e9crites ci-dessous\u00a0:<\/p>\n<ol class=\"privacy-policy-ol\">\n<li>Analytique<\/li>\n<\/ol>\n<p class=\"privacy-policy-p\">Nous demandons \u00e0 ces tiers d&rsquo;utiliser les informations personnelles que nous leur transf\u00e9rons uniquement dans le but pour lequel elles ont \u00e9t\u00e9 transf\u00e9r\u00e9es et de ne pas les conserver plus longtemps que n\u00e9cessaire pour atteindre ledit objectif.<\/p>\n<p class=\"privacy-policy-p\">Nous pouvons \u00e9galement divulguer vos informations personnelles dans les cas suivants\u00a0: (1)\u00a0pour nous conformer \u00e0 la loi, \u00e0 la r\u00e9glementation, \u00e0 une ordonnance du tribunal ou \u00e0 toute autre proc\u00e9dure judiciaire en vigueur\u00a0;\u00a0(2) pour faire respecter vos accords avec nous, y compris la pr\u00e9sente politique de confidentialit\u00e9\u00a0;\u00a0ou (3) pour r\u00e9pondre aux r\u00e9clamations selon lesquelles votre utilisation du Service viole les droits de tiers.\u00a0Si le Service ou notre soci\u00e9t\u00e9 est fusionn\u00e9 ou acquis avec une autre soci\u00e9t\u00e9, vos informations seront l&rsquo;un des actifs transf\u00e9r\u00e9s au nouveau propri\u00e9taire.<\/p>\n<h2 class=\"privacy-policy-h2\">CONSERVATION DE VOS INFORMATIONS\u00a0:<\/h2>\n<p class=\"privacy-policy-p\">Nous conserverons vos informations personnelles avec nous pendant 90 jours \u00e0 2 ans apr\u00e8s que les utilisateurs ont r\u00e9sili\u00e9 leurs comptes ou aussi longtemps que nous en aurons besoin pour remplir les objectifs pour lesquels elles ont \u00e9t\u00e9 collect\u00e9es, comme indiqu\u00e9 dans la pr\u00e9sente politique de confidentialit\u00e9.\u00a0Nous pouvons \u00eatre amen\u00e9s \u00e0 conserver certaines informations pendant des p\u00e9riodes plus longues telles que la tenue de registres\/rapports conform\u00e9ment \u00e0 la loi applicable ou pour d&rsquo;autres raisons l\u00e9gitimes telles que l&rsquo;application des droits l\u00e9gaux, la pr\u00e9vention de la fraude, etc. Les informations anonymes r\u00e9siduelles et les informations agr\u00e9g\u00e9es, qui ne vous identifient pas (directement ou indirectement), peuvent \u00eatre stock\u00e9es ind\u00e9finiment.<\/p>\n<h2 class=\"privacy-policy-h2\">VOS DROITS:<\/h2>\n<p class=\"privacy-policy-p\">Selon la loi applicable, vous pouvez avoir un droit d&rsquo;acc\u00e8s et de rectification ou d&rsquo;effacement de vos donn\u00e9es personnelles ou recevoir une copie de vos donn\u00e9es personnelles, restreindre ou vous opposer au traitement actif de vos donn\u00e9es, nous demander de partager (porter) vos donn\u00e9es personnelles informations \u00e0 une autre entit\u00e9, retirer tout consentement que vous nous avez fourni pour traiter vos donn\u00e9es, un droit de d\u00e9poser une plainte aupr\u00e8s d&rsquo;une autorit\u00e9 statutaire et tout autre droit qui peut \u00eatre pertinent en vertu des lois applicables.\u00a0Pour exercer ces droits, vous pouvez nous \u00e9crire \u00e0 contact@fskilwm.cluster100.hosting.ovh.net.\u00a0Nous r\u00e9pondrons \u00e0 votre demande conform\u00e9ment \u00e0 la loi applicable.<\/p>\n<p class=\"privacy-policy-p\">Vous pouvez vous d\u00e9sinscrire des communications de marketing direct ou du profilage que nous effectuons \u00e0 des fins de marketing en nous \u00e9crivant \u00e0 contact@fskilwm.cluster100.hosting.ovh.net.<\/p>\n<p class=\"privacy-policy-p\">Notez que si vous ne nous autorisez pas \u00e0 collecter ou \u00e0 traiter les informations personnelles requises ou si vous retirez le consentement \u00e0 les traiter aux fins requises, vous ne pourrez peut-\u00eatre pas acc\u00e9der ou utiliser les services pour lesquels vos informations ont \u00e9t\u00e9 recherch\u00e9es.<\/p>\n<h2 class=\"privacy-policy-h2\">COOKIES ETC<\/h2>\n<p class=\"privacy-policy-p\">Pour en savoir plus sur la fa\u00e7on dont nous les utilisons et sur vos choix par rapport \u00e0 ces technologies de suivi, veuillez vous r\u00e9f\u00e9rer \u00e0 notre\u00a0<a href=\"https:\/\/petro-center.lu\/en\/\">politique en mati\u00e8re de cookies.<\/a><\/p>\n<h2 class=\"privacy-policy-h2\">S\u00c9CURIT\u00c9:<\/h2>\n<p class=\"privacy-policy-p\">La s\u00e9curit\u00e9 de vos informations est importante pour nous et nous utiliserons des mesures de s\u00e9curit\u00e9 raisonnables pour emp\u00eacher la perte, l&rsquo;utilisation abusive ou la modification non autoris\u00e9e de vos informations sous notre contr\u00f4le.\u00a0Cependant, compte tenu des risques inh\u00e9rents, nous ne pouvons garantir une s\u00e9curit\u00e9 absolue et par cons\u00e9quent, nous ne pouvons assurer ou garantir la s\u00e9curit\u00e9 des informations que vous nous transmettez et vous le faites \u00e0 vos risques et p\u00e9rils.<\/p>\n<h2 class=\"privacy-policy-h2\">LIENS TIERS ET UTILISATION DE VOS INFORMATIONS\u00a0:<\/h2>\n<p class=\"privacy-policy-p\">Notre service peut contenir des liens vers d&rsquo;autres sites Web qui ne sont pas exploit\u00e9s par nous.\u00a0Cette politique de confidentialit\u00e9 ne traite pas de la politique de confidentialit\u00e9 et des autres pratiques de tiers, y compris de tout tiers exploitant un site Web ou un service pouvant \u00eatre accessible via un lien sur le service.\u00a0Nous vous conseillons vivement de consulter la politique de confidentialit\u00e9 de chaque site que vous visitez.\u00a0Nous n&rsquo;avons aucun contr\u00f4le et n&rsquo;assumons aucune responsabilit\u00e9 quant au contenu, aux politiques de confidentialit\u00e9 ou aux pratiques des sites ou services tiers.<\/p>\n<h2 class=\"privacy-policy-h2\">GRIEF \/ D\u00c9L\u00c9GU\u00c9 \u00c0 LA PROTECTION DES DONN\u00c9ES :<\/h2>\n<p class=\"privacy-policy-p\">Si vous avez des questions ou des pr\u00e9occupations concernant le traitement de vos informations disponibles chez nous, vous pouvez envoyer un e-mail \u00e0 notre responsable des r\u00e9clamations \u00e0 Petro-Center SA, 2, rue Jean Fischbach, 3372 LEUDELANGE, LUXEMBOURG, e-mail : contact@petro-center. lu.\u00a0Nous r\u00e9pondrons \u00e0 vos pr\u00e9occupations conform\u00e9ment \u00e0 la loi applicable.<\/p>\t\t\t\t\t\t\t\t<\/div>\n\t\t\t\t<\/div>\n\t\t\t\t\t<\/div>\n\t\t<\/div>\n\t\t\t\t\t<\/div>\n\t\t<\/section>\n\t\t\t\t<section class=\"elementor-section elementor-top-section elementor-element elementor-element-249bde7 elementor-section-boxed elementor-section-height-default elementor-section-height-default\" data-id=\"249bde7\" data-element_type=\"section\" data-settings=\"{&quot;ekit_has_onepagescroll_dot&quot;:&quot;yes&quot;}\">\n\t\t\t\t\t\t<div class=\"elementor-container elementor-column-gap-default\">\n\t\t\t\t\t<div class=\"elementor-column elementor-col-100 elementor-top-column elementor-element elementor-element-591e0b3\" data-id=\"591e0b3\" data-element_type=\"column\">\n\t\t\t<div class=\"elementor-widget-wrap\">\n\t\t\t\t\t\t\t<\/div>\n\t\t<\/div>\n\t\t\t\t\t<\/div>\n\t\t<\/section>\n\t\t\t\t<\/div>","protected":false},"excerpt":{"rendered":"<p>Politique de confidentialit\u00e9 Derni\u00e8re mise \u00e0 jour le 16 ao\u00fbt 2023Date d&rsquo;entr\u00e9e en vigueur 16 ao\u00fbt 2023 Cette politique de confidentialit\u00e9 d\u00e9crit les politiques de Petro-Center SA, 2, rue Jean Fischbach, 3372 LEUDELANGE, LUXEMBOURG, LEUDELANGE 3372, Luxembourg, email : contact@petro-center.lu, t\u00e9l\u00e9phone : +352 26 37 27-1 sur la collecte , l&rsquo;utilisation et la divulgation de [&hellip;]<\/p>","protected":false},"author":6,"featured_media":0,"parent":0,"menu_order":0,"comment_status":"closed","ping_status":"closed","template":"","meta":{"_seopress_robots_primary_cat":"","_seopress_titles_title":"","_seopress_titles_desc":"","_seopress_robots_index":"yes","footnotes":""},"class_list":["post-2463","page","type-page","status-publish","hentry"],"_links":{"self":[{"href":"https:\/\/petro-center.lu\/en\/wp-json\/wp\/v2\/pages\/2463","targetHints":{"allow":["GET"]}}],"collection":[{"href":"https:\/\/petro-center.lu\/en\/wp-json\/wp\/v2\/pages"}],"about":[{"href":"https:\/\/petro-center.lu\/en\/wp-json\/wp\/v2\/types\/page"}],"author":[{"embeddable":true,"href":"https:\/\/petro-center.lu\/en\/wp-json\/wp\/v2\/users\/6"}],"replies":[{"embeddable":true,"href":"https:\/\/petro-center.lu\/en\/wp-json\/wp\/v2\/comments?post=2463"}],"version-history":[{"count":4,"href":"https:\/\/petro-center.lu\/en\/wp-json\/wp\/v2\/pages\/2463\/revisions"}],"predecessor-version":[{"id":2467,"href":"https:\/\/petro-center.lu\/en\/wp-json\/wp\/v2\/pages\/2463\/revisions\/2467"}],"wp:attachment":[{"href":"https:\/\/petro-center.lu\/en\/wp-json\/wp\/v2\/media?parent=2463"}],"curies":[{"name":"wp","href":"https:\/\/api.w.org\/{rel}","templated":true}]}}