{"id":6701,"date":"2024-11-26T12:56:20","date_gmt":"2024-11-26T10:56:20","guid":{"rendered":"https:\/\/petro-center.lu\/?page_id=6701"},"modified":"2024-11-26T12:58:52","modified_gmt":"2024-11-26T10:58:52","slug":"cgv","status":"publish","type":"page","link":"https:\/\/petro-center.lu\/en\/cgv\/","title":{"rendered":"CGV"},"content":{"rendered":"<div data-elementor-type=\"wp-page\" data-elementor-id=\"6701\" class=\"elementor elementor-6701\" data-elementor-post-type=\"page\">\n\t\t\t\t<div class=\"elementor-element elementor-element-af37c57 e-flex e-con-boxed e-con e-parent\" data-id=\"af37c57\" data-element_type=\"container\" data-settings=\"{&quot;ekit_has_onepagescroll_dot&quot;:&quot;yes&quot;}\">\n\t\t\t\t\t<div class=\"e-con-inner\">\n\t\t\t\t<div class=\"elementor-element elementor-element-204444e elementor-widget elementor-widget-text-editor\" data-id=\"204444e\" data-element_type=\"widget\" data-settings=\"{&quot;ekit_we_effect_on&quot;:&quot;none&quot;}\" data-widget_type=\"text-editor.default\">\n\t\t\t\t<div class=\"elementor-widget-container\">\n\t\t\t\t\t\t\t\t\t\n<p><strong><u>Conditions g\u00e9n\u00e9rales de vente et d&rsquo;utilisation de Bestcharge<\/u><\/strong><\/p>\n\n\n\n<p><strong><u>Version en vigueur \u00e0 partir du 01.10.2023<\/u><\/strong><\/p>\n\n\n\n<p><strong>\u00c9diteur : <\/strong>PC-Tank s.\u00e0.r.l.<\/p>\n\n\n\n<p><strong>Adresse : <\/strong>2, rue Jean Fischbach L-3372 Leudelange (Luxembourg)<\/p>\n\n\n\n<p>Ces conditions g\u00e9n\u00e9rales de vente et d&rsquo;utilisation \u00e9tablissent les conditions g\u00e9n\u00e9rales selon lesquelles PC-Tank s.\u00e0.r.l. met \u00e0 disposition ses services pour les utilisateurs. Toute utilisation des services offerts par PC-Tank s.\u00e0.r.l. se fait dans le respect de ces conditions.<\/p>\n\n\n\n<p><strong>Pr\u00e9ambule<\/strong><\/p>\n\n\n\n<p>PC-Tank s.\u00e0.r.l. (ci-apr\u00e8s d\u00e9nomm\u00e9e \u00ab Bestcharge \u00bb) permet le pr\u00e9l\u00e8vement d&rsquo;\u00e9lectricit\u00e9 aux bornes de recharge, n\u00e9cessaire au fonctionnement des v\u00e9hicules \u00e9lectriques.<\/p>\n\n\n\n<p>Une borne de recharge (ou un point de recharge) d\u00e9signe une installation adapt\u00e9e et destin\u00e9e \u00e0 la recharge des v\u00e9hicules \u00e9lectriques, o\u00f9 seul le v\u00e9hicule \u00e9lectrique peut \u00eatre recharg\u00e9.<\/p>\n\n\n\n<p>L&rsquo;espace de stationnement n\u00e9cessaire \u00e0 la recharge est mis \u00e0 disposition par le propri\u00e9taire ou l&rsquo;ex-ploitant du parking selon ses propres conditions. Les informations \u00e0 ce sujet sont fournies par le propri\u00e9taire ou l&rsquo;exploitant concern\u00e9.<\/p>\n\n\n\n<p>Le chargement direct (direct payment) \u00e0 la station de recharge permet de charger sans enregis-trement ni relation d&rsquo;obligation permanente conform\u00e9ment \u00e0 la r\u00e9glementation de charge actuel-lement en vigueur au Luxembourg. La recharge via l&rsquo;application Bestcharge ou la carte de re-charge RFID n&rsquo;est valable que pour les clients sous contrat.<\/p>\n\n\n\n<p><strong>1. Champ d&rsquo;application<\/strong><\/p>\n\n\n\n<p>1.1. Les dispositions suivantes r\u00e9gissent les conditions g\u00e9n\u00e9rales de vente et d&rsquo;utilisation auxquelles l&rsquo;utilisateur est autoris\u00e9 \u00e0 utiliser les points de recharge de Bestcharge aux fins de pr\u00e9l\u00e8vement d&rsquo;\u00e9lectricit\u00e9.<\/p>\n\n\n\n<p>1.2. Chaque utilisation d&rsquo;un point de recharge via le chargement direct donne lieu \u00e0 un contrat d&rsquo;utilisation unique entre l&rsquo;utilisateur et Bestcharge. Les dispositions de ces conditions g\u00e9n\u00e9rales de vente et d&rsquo;utilisation seront l&rsquo;objet du contrat d&rsquo;utilisation unique selon l&rsquo;article 5.<\/p>\n\n\n\n<p>1.3. L&rsquo;utilisateur d\u00e9clare avoir pris connaissance de ces conditions g\u00e9n\u00e9rales d&rsquo;utilisation et les avoir accept\u00e9es express\u00e9ment et sans r\u00e9serve, celles-ci \u00e9tant en vigueur le jour o\u00f9 il s&rsquo;abonne et utilise les services offerts par Bestcharge.<\/p>\n\n\n\n<p>1.4. Bestcharge se r\u00e9serve le droit de compl\u00e9ter, modifier ou changer ces conditions g\u00e9n\u00e9rales de vente et d&rsquo;utilisation \u00e0 tout moment, en tout ou en partie. Il incombe donc \u00e0 l&rsquo;utilisateur de se tenir r\u00e9guli\u00e8rement inform\u00e9 de la version actuelle des conditions g\u00e9n\u00e9rales de vente et d&rsquo;utilisation, qui sont accessibles \u00e0 tout moment dans l&rsquo;application Bestcharge. Toute utilisation des services apr\u00e8s une modification des conditions g\u00e9n\u00e9rales de vente et d&rsquo;utilisation sera consid\u00e9r\u00e9e comme une acceptation compl\u00e8te des nouvelles conditions par l&rsquo;utilisateur.<\/p>\n\n\n\n<p><br><strong>2. Droit d&rsquo;utilisation des points de recharge<\/strong><\/p>\n\n\n\n<p>2.1. Tout utilisateur qui fournit ses informations de carte de cr\u00e9dit et accepte les dispositions des conditions g\u00e9n\u00e9rales de vente et d&rsquo;utilisation est autoris\u00e9 \u00e0 utiliser les points de recharge publics et certains points de recharge priv\u00e9s de Bestcharge conform\u00e9ment \u00e0 ces conditions g\u00e9n\u00e9rales.<\/p>\n\n\n\n<p>2.2. L&rsquo;utilisateur n&rsquo;a aucun droit au maintien de l&rsquo;exploitation de tous les points de recharge, au maintien d&rsquo;un nombre d\u00e9termin\u00e9 de points de recharge, \u00e0 des points de recharge libres, \u00e0 la disponibilit\u00e9 de la puissance maximale (kW) \u00e0 un point de recharge ou \u00e0 l&rsquo;utilisation permanente des points de recharge.<\/p>\n\n\n\n<p>2.3. L&rsquo;utilisateur reconna\u00eet express\u00e9ment et accepte qu&rsquo;il recharge partiellement \u00e0 des points de recharge de tiers lors de l&rsquo;utilisation de l&rsquo;application Bestcharge et de la recharge aux diff\u00e9rents points de recharge mis \u00e0 disposition par Bestcharge. \u00c9tant donn\u00e9 que diff\u00e9rentes donn\u00e9es relatives aux tiers sont transmises \u00e0 Bestcharge, cette derni\u00e8re ne saurait \u00eatre tenue responsable de l&rsquo;exactitude de ces donn\u00e9es. Ces donn\u00e9es incluent, entre autres, la disponibilit\u00e9 des points de recharge, la puissance indiqu\u00e9e et r\u00e9elle, les restrictions individuelles telles que les frais de stationnement ou les heures d&rsquo;ouverture, etc. L&rsquo;utilisateur doit, en cas de doute, se renseigner sur l&rsquo;exhaustivit\u00e9 et l&rsquo;exactitude de ces informations sur place et avant le processus de charge, et ce, \u00e0 ses propres risques.<\/p>\n\n\n\n<p><strong>3. Accessibilit\u00e9 aux services<\/strong><\/p>\n\n\n\n<p>3.1. Bestcharge s&rsquo;efforce d&rsquo;assurer l&rsquo;acc\u00e8s \u00e0 son application 24 heures sur 24, mais peut interrompre l&rsquo;acc\u00e8s notamment pour des travaux de maintenance, des mises \u00e0 jour et d&rsquo;autres raisons techniques. En aucun cas, Bestcharge ne pourra \u00eatre tenue responsable de ces interruptions et des cons\u00e9quences qui en d\u00e9coulent pour l&rsquo;utilisateur.<\/p>\n\n\n\n<p>Bestcharge se r\u00e9serve le droit de bloquer l&rsquo;acc\u00e8s \u00e0 l&rsquo;ensemble ou \u00e0 certaines parties de l&rsquo;application Bestcharge unilat\u00e9ralement et sans pr\u00e9avis, notamment en cas de violation manifeste des pr\u00e9sentes conditions g\u00e9n\u00e9rales de vente et d&rsquo;utilisation.<\/p>\n\n\n\n<p>L&rsquo;utilisateur reconna\u00eet que Bestcharge ne sera pas responsable des dommages directs ou indirects r\u00e9sultant du blocage de l&rsquo;acc\u00e8s aux services de Bestcharge.<\/p>\n\n\n\n<p>3.2. L&rsquo;utilisation des services Bestcharge n\u00e9cessite que l&rsquo;utilisateur ait suivi la proc\u00e9dure d&rsquo;inscription, au cours de laquelle il doit fournir ses donn\u00e9es personnelles. L&rsquo;utilisateur accepte que les informations fournies, en particulier les donn\u00e9es personnelles, soient correctes, compl\u00e8tes et \u00e0 jour et qu&rsquo;il ait apport\u00e9 toutes les modifications n\u00e9cessaires pour garantir cela.<\/p>\n\n\n\n<p>Dans le cadre de cette proc\u00e9dure, l&rsquo;utilisateur d\u00e9clare avoir lu et accept\u00e9 express\u00e9ment les pr\u00e9sentes conditions g\u00e9n\u00e9rales de vente et d&rsquo;utilisation. Toute acceptation envoy\u00e9e par l&rsquo;utilisateur est consid\u00e9r\u00e9e comme une signature \u00e9quivalente \u00e0 une signature \u00e9crite. Le clic sur le bouton \u00ab Accepter \u00bb est consid\u00e9r\u00e9 comme un consentement irr\u00e9vocable de l&rsquo;utilisateur.<\/p>\n\n\n\n<p>3.3. L&rsquo;activation du service de paiement est r\u00e9serv\u00e9e \u00e0 l&rsquo;utilisateur qui a pr\u00e9alablement cr\u00e9\u00e9 un compte utilisateur personnel. L&rsquo;ouverture du compte utilisateur et son activation au b\u00e9n\u00e9fice de l&rsquo;utilisateur sont effectu\u00e9es par Bestcharge sur la base des informations fournies par l&rsquo;utilisateur lors de l&rsquo;inscription. Bestcharge se r\u00e9serve le droit d&rsquo;effectuer un contr\u00f4le pr\u00e9alable lors de la cr\u00e9ation du compte utilisateur (et \u00e9ventuellement lors de la commande d&rsquo;une carte de recharge RFID Bestcharge) et de refuser un abonnement aux services Bestcharge pour un motif l\u00e9gitime, tel que&nbsp;:<\/p>\n\n\n\n<ul class=\"wp-block-list\">\n<li>R\u00e9siliation d&rsquo;un contrat ant\u00e9rieur pour fraude ou non-paiement ;<\/li>\n<\/ul>\n\n\n\n<ul class=\"wp-block-list\">\n<li>Fourniture d&rsquo;une adresse de l&rsquo;exp\u00e9diteur inconnue, non permanente ou fictive ;<\/li>\n\n\n\n<li>Soup\u00e7on d&rsquo;informations intentionnellement inexactes ou incompl\u00e8tes ;<\/li>\n\n\n\n<li>Absence d&rsquo;une pr\u00e9-approbation lors de la commande de la carte de recharge Bestcharge.<\/li>\n<\/ul>\n\n\n\n<p>Dans ce cas, l&rsquo;inscription et\/ou la commande sera annul\u00e9e.<\/p>\n\n\n\n<p>Le cas \u00e9ch\u00e9ant, l&rsquo;utilisateur supporte tous les frais judiciaires et extrajudiciaires engag\u00e9s par Bestcharge dans le cadre de la proc\u00e9dure judiciaire, y compris les frais raisonnables pour un avocat.<\/p>\n\n\n\n<p><strong>4. Utilisation de l&rsquo;espace de stationnement li\u00e9 au point de recharge<\/strong><\/p>\n\n\n\n<p>4.1. L&rsquo;autorisation d&rsquo;utilisation des espaces de stationnement d\u00e9sign\u00e9s pour v\u00e9hicules \u00e9lectriques pendant le processus de recharge est toujours valable pour la dur\u00e9e maximale de stationnement indiqu\u00e9e \u00e0 l&rsquo;espace de stationnement, qui peut varier en fonction du lieu. Les heures d&rsquo;ouverture des parkings ou des parkings souterrains restent sans effet sur cette r\u00e9glementation et doivent \u00eatre prises en compte s\u00e9par\u00e9ment.<\/p>\n\n\n\n<p>4.2. En cas de violation du paragraphe 4.1, Bestcharge est autoris\u00e9 \u00e0 faire enlever le v\u00e9hicule aux frais du client ou \u00e0 le faire enlever par des tiers. Cela s&rsquo;applique \u00e0 tous les sites o\u00f9 Bestcharge est propri\u00e9taire des terrains. Les frais seront factur\u00e9s au client en fonction du temps pass\u00e9. Le droit de Bestcharge d&rsquo;exercer des demandes de dommages-int\u00e9r\u00eats suppl\u00e9mentaires demeure inchang\u00e9.<\/p>\n\n\n\n<p><strong>5. Chargement direct<\/strong><\/p>\n\n\n\n<p>5.1. Pour le chargement direct, le client scanne d&rsquo;abord le code QR situ\u00e9 sur la borne de recharge. Il sera redirig\u00e9 vers le site web associ\u00e9 \u00e0 l&rsquo;ID du point de recharge. Alternativement, le client a la possibilit\u00e9 de saisir l&rsquo;URL courte sur l&rsquo;autocollant QR, commen\u00e7ant par LU*PCT*E.<\/p>\n\n\n\n<p>5.2. Avant le d\u00e9but du processus de charge, les informations tarifaires valables pour le point de recharge en question sont affich\u00e9es sur le site web. Celles-ci sont d\u00e9terminantes pour le processus de charge et constituent la base de la facturation du processus de charge.<\/p>\n\n\n\n<p>5.3. Pour commencer le processus de charge, le client doit fournir ses informations de carte de cr\u00e9dit ainsi que, facultativement, son adresse e-mail (pour l&rsquo;envoi de la facture) sur le site web. Un contrat individuel est \u00e9tabli entre Bestcharge et le client pour chaque processus de charge en confirmant le processus de charge payant via le bouton \u00ab Charger maintenant payant \u00bb.<\/p>\n\n\n\n<p>5.4. La facturation du processus de charge se fait via la carte de cr\u00e9dit indiqu\u00e9e. D\u00e8s le d\u00e9but du processus de charge, un montant pr\u00e9alablement programm\u00e9 est r\u00e9serv\u00e9 sur la carte de cr\u00e9dit du client pour la dur\u00e9e du processus de charge. \u00c0 l&rsquo;issue du processus de charge, le montant r\u00e9el de la facture est d\u00e9bit\u00e9. Le client re\u00e7oit, en option, \u00e0 la fin du processus de charge, une facture au format .PDF par e-mail \u00e0 l&rsquo;adresse e-mail qu&rsquo;il a fournie lors du processus d&rsquo;authentification.<\/p>\n\n\n\n<p><br><strong>6. Utilisation soign\u00e9e des points de charge<\/strong><\/p>\n\n\n\n<p>6.1. Avant de commencer \u00e0 utiliser le point de charge, le client doit s&rsquo;assurer de la bonne utilisation des installations \u00e9lectrotechniques au point de charge et du c\u00e2ble de charge.<\/p>\n\n\n\n<p>6.2. Toute d\u00e9t\u00e9rioration visible du point de charge, du c\u00e2ble de charge \u00e9ventuellement connect\u00e9 de mani\u00e8re fixe au point de charge, ainsi que des dommages particuliers au point de charge doivent \u00eatre signal\u00e9s imm\u00e9diatement \u00e0 Bestcharge via la ligne d&rsquo;assistance au 26 37 27 -1. Les chargements ne doivent pas \u00eatre initi\u00e9s en cas de dommages visibles au point de charge, au c\u00e2ble de charge ou \u00e0 d&rsquo;autres installations du point de charge. Les chargements d\u00e9j\u00e0 commenc\u00e9s doivent \u00eatre arr\u00eat\u00e9s imm\u00e9diatement. Il en va de m\u00eame en cas de corps \u00e9trangers visibles sur le point de charge, en particulier au niveau de la prise ou de la fiche.<\/p>\n\n\n\n<p>6.3. Le client est responsable de l&rsquo;\u00e9tat de l&rsquo;installation \u00e9lectrique de son v\u00e9hicule \u00e9lectrique, y compris du c\u00e2ble de charge, \u00e0 moins que ce dernier ne soit une partie fixe du point de charge. Cela inclut \u00e9galement la cr\u00e9ation d&rsquo;une connexion correcte et solide entre le c\u00e2ble de charge et le point de charge.<\/p>\n\n\n\n<p>6.4. Si le client rend n\u00e9cessaire l&rsquo;intervention d&rsquo;un service de d\u00e9pannage et\/ou la r\u00e9paration d&rsquo;un point de charge en raison d&rsquo;une utilisation incorrecte ou inappropri\u00e9e, il doit rembourser les co\u00fbts engag\u00e9s en fonction des d\u00e9penses r\u00e9elles. D&rsquo;autres revendications pour dommages-int\u00e9r\u00eats demeurent inchang\u00e9es.<\/p>\n\n\n\n<p><br><strong>7. Interruption de l&rsquo;utilisation<\/strong><\/p>\n\n\n\n<p>7.1. Pour des travaux n\u00e9cessaires, y compris l&rsquo;entretien, l&rsquo;inspection, la r\u00e9paration, la modernisation ou pour d&rsquo;autres raisons op\u00e9rationnelles, l&rsquo;utilisation d&rsquo;un point de charge peut \u00eatre refus\u00e9e au client \u00e0 tout moment ou celui-ci peut \u00eatre bloqu\u00e9. Si n\u00e9cessaire, le processus de charge peut \u00eatre interrompu et la puissance r\u00e9duite ou limit\u00e9e.<\/p>\n\n\n\n<p>7.2. Bestcharge a le droit d&rsquo;interrompre l&rsquo;utilisation d&rsquo;un point de charge, en particulier un processus de charge, sans pr\u00e9avis. En acceptant les dispositions des pr\u00e9sentes conditions g\u00e9n\u00e9rales et d&rsquo;utilisation, l&rsquo;utilisateur accepte l&rsquo;interruption lorsque cela est n\u00e9cessaire pour \u00e9viter un danger imm\u00e9diat pour la s\u00e9curit\u00e9 des personnes ou des biens de valeur significative.<\/p>\n\n\n\n<p><strong>8. Responsabilit\u00e9<\/strong><\/p>\n\n\n\n<p>8.1. En cas de dommages caus\u00e9s intentionnellement ou par n\u00e9gligence grave, de dommages corporels et dans d&rsquo;autres cas de responsabilit\u00e9 l\u00e9gale obligatoire, par exemple selon la loi sur la responsabilit\u00e9 du produit, Bestcharge est responsable conform\u00e9ment aux dispositions l\u00e9gales.<\/p>\n\n\n\n<p>8.2. Pour les dommages caus\u00e9s par simple n\u00e9gligence, Bestcharge n&rsquo;est responsable que pour la violation fautive d&rsquo;obligations contractuelles essentielles, c&rsquo;est-\u00e0-dire des obligations dont le respect permet la bonne ex\u00e9cution du contrat et sur lesquelles le client doit r\u00e9guli\u00e8rement pouvoir compter (dites obligations cardinales).<\/p>\n\n\n\n<p><br><strong>9. Force majeure et perturbation du r\u00e9seau<\/strong><\/p>\n\n\n\n<p>9.1. L&rsquo;obligation de performance envers le client est suspendue dans la mesure o\u00f9 et tant que Bestcharge est emp\u00each\u00e9 d&rsquo;ex\u00e9cuter le contrat en raison d&rsquo;une force majeure ou d&rsquo;autres circonstances qu&rsquo;il ne peut pas \u00e9liminer ou qui sont \u00e9conomiquement d\u00e9raisonnables.<\/p>\n\n\n\n<p>9.2. En cas d&rsquo;interruption ou d&rsquo;irr\u00e9gularit\u00e9s dans l&rsquo;approvisionnement en \u00e9lectricit\u00e9, Bestcharge est exempt\u00e9 de toute obligation d&rsquo;assurer la possibilit\u00e9 de recharge si cela r\u00e9sulte de cons\u00e9quences d&rsquo;une perturbation du r\u00e9seau, y compris le raccordement du r\u00e9seau \u00e0 la station de charge.<\/p>\n\n\n\n<p>9.3. La force majeure est toute situation que Bestcharge ou le client ne peut \u00e9viter, m\u00eame avec la plus grande prudence. Cela inclut notamment la guerre, le terrorisme, les \u00e9meutes, les catastrophes naturelles et les inondations.<\/p>\n\n\n\n<p><br><strong>10. Protection des donn\u00e9es<\/strong><\/p>\n\n\n\n<p>10.1. Les donn\u00e9es n\u00e9cessaires \u00e0 la gestion de l&rsquo;utilisation des points de charge, y compris les pr\u00e9sentes conditions g\u00e9n\u00e9rales et d&rsquo;utilisation, sont trait\u00e9es conform\u00e9ment aux dispositions du RGPD.<\/p>\n\n\n\n<p>10.2. Pour plus d&rsquo;informations sur la gestion de vos donn\u00e9es personnelles, veuillez consulter <a href=\"https:\/\/petro-center.lu\/en\">https:\/\/petro-center.lu<\/a>.<\/p>\n\n\n\n<p><br><strong>11. R\u00e8glement des litiges en ligne<\/strong><\/p>\n\n\n\n<p>Les consommateurs ont la possibilit\u00e9 d&rsquo;obtenir une assistance gratuite pour soumettre une plainte de consommateur concernant un contrat d&rsquo;achat en ligne ou un contrat de service en ligne via une plateforme de r\u00e8glement des litiges en ligne (plateforme OS) de l&rsquo;Union europ\u00e9enne, ainsi que des informations sur les proc\u00e9dures aupr\u00e8s des autorit\u00e9s de conciliation des consommateurs dans l&rsquo;Union europ\u00e9enne. La plateforme OS est accessible \u00e0 l&rsquo;adresse suivante : <a href=\"http:\/\/ec.europa.eu\/consumers\/odr\/\">http:\/\/ec.europa.eu\/consumers\/odr\/<\/a> Vous avez des questions concernant le r\u00e8glement des litiges en ligne ? Notre adresse e-mail est : <a href=\"mailto:bestcharge@fskilwm.cluster100.hosting.ovh.net\">bestcharge@fskilwm.cluster100.hosting.ovh.net<\/a><\/p>\n\n\n\n<p><strong>12. Commande de cartes de recharge RFID et frais de livraison<\/strong><\/p>\n\n\n\n<p>12.1. Lors de la commande d&rsquo;une carte de recharge RFID via l&rsquo;application Bestcharge ou par d&rsquo;autres moyens, des frais uniques de 10 \u20ac seront factur\u00e9s au client. Ces frais servent uniquement \u00e0 couvrir les co\u00fbts li\u00e9s \u00e0 la cr\u00e9ation et \u00e0 la livraison de la carte de recharge RFID mentionn\u00e9e ci-dessus. La livraison de la carte de recharge RFID sera effectu\u00e9e par lettre standard domestique. D&rsquo;\u00e9ventuels frais suppl\u00e9mentaires li\u00e9s \u00e0 un envoi international peuvent \u00eatre factur\u00e9s au client dans certains cas.<\/p>\n\n\n\n<p>12.2. L&rsquo;utilisateur s&rsquo;engage \u00e0 utiliser la carte de recharge RFID uniquement dans le cadre du service de paiement Bestcharge. Chaque carte de recharge RFID reste la propri\u00e9t\u00e9 de Bestcharge, qui la met \u00e0 disposition de l&rsquo;utilisateur uniquement dans le cadre de ses services ; l&rsquo;utilisateur doit la retourner \u00e0 la fin du contrat ou en assurer sa destruction.<\/p>\n\n\n\n<p>12.3. L&rsquo;utilisateur assume l&rsquo;enti\u00e8re responsabilit\u00e9 des services de recharge qui lui sont attribu\u00e9s (application et\/ou carte de recharge RFID) et doit les prot\u00e9ger soigneusement. L&rsquo;utilisateur s&rsquo;engage \u00e0 garder son mot de passe (application) confidentiel afin de prot\u00e9ger son compte utilisateur et les donn\u00e9es qui y sont stock\u00e9es. Il s&rsquo;engage \u00e9galement \u00e0 s&rsquo;assurer, dans la mesure du possible, que tous les appareils qu&rsquo;il utilise, en particulier son ordinateur et son smartphone, ainsi que les connexions qu&rsquo;il utilise sont suffisamment s\u00e9curis\u00e9s. Il doit prendre toutes les mesures n\u00e9cessaires pour conserver sa carte de recharge RFID en s\u00e9curit\u00e9 et doit assumer les cons\u00e9quences de son utilisation et des paiements qui en d\u00e9coulent, tant qu&rsquo;il n&rsquo;a pas \u00e9mis de contestation.<\/p>\n\n\n\n<p>12.4. En cas de perte, de vol, de fraude ou d&rsquo;utilisation non autoris\u00e9e des services Bestcharge ou des donn\u00e9es associ\u00e9es, l&rsquo;utilisateur peut bloquer tous les acc\u00e8s au service de recharge Bestcharge. Cela doit \u00eatre effectu\u00e9 par une demande \u00e9crite par e-mail \u00e0 contact@bestcharge.lu. La contestation sera imm\u00e9diatement effective \u00e0 la r\u00e9ception de la demande de contestation chez Bestcharge. L&rsquo;utilisateur est tenu de payer toutes les recharges effectu\u00e9es dans le cadre du service de paiement tant qu&rsquo;il n&rsquo;y a pas \u00e9mis de contestation. La charge de la preuve d&rsquo;une utilisation non autoris\u00e9e du service de paiement par l&rsquo;utilisateur ne repose en aucun cas sur Bestcharge.<\/p>\n\n\n\n<p><strong>13. Utilisation des services de paiement Bestcharge et tarification<\/strong><\/p>\n\n\n\n<p>13.1. La carte de recharge Bestcharge et l&rsquo;application sont des instruments de paiement qui permettent \u00e0 l&rsquo;utilisateur :<\/p>\n\n\n\n<ul class=\"wp-block-list\">\n<li>d&rsquo;utiliser le service de recharge aux stations de recharge compatibles des r\u00e9seaux partenaires ;<\/li>\n\n\n\n<li>de s&rsquo;identifier \u00e0 une station de recharge compatible pour donner son consentement \u00e0 d\u00e9-marrer une recharge et s&rsquo;engager \u00e0 payer pour le service ;<\/li>\n\n\n\n<li>de payer pour sa recharge.<\/li>\n<\/ul>\n\n\n\n<p>L&rsquo;utilisateur est tenu d&rsquo;utiliser le service de paiement de mani\u00e8re appropri\u00e9e. Il s&rsquo;engage \u00e9galement \u00e0 utiliser les stations de recharge compatibles avec soin et en tenant compte des consignes de s\u00e9curit\u00e9, et \u00e0 s&rsquo;abstenir de toute utilisation non autoris\u00e9e.<\/p>\n\n\n\n<p>13.2. Les tarifs des recharges ne sont pas d\u00e9finitivement attribu\u00e9s \u00e0 un client ou \u00e0 un site dans le domaine de la mobilit\u00e9 \u00e9lectrique. Les tarifs auxquels les recharges peuvent \u00eatre effectu\u00e9es aux points de charge respectifs peuvent \u00eatre ajust\u00e9s \u00e0 tout moment en fonction de l&rsquo;\u00e9volution des prix de l&rsquo;\u00e9lectricit\u00e9, des tarifs de roaming ou d&rsquo;autres frais suppl\u00e9mentaires. \u00c0 chaque recharge, un contrat unique de recharge est conclu. Le consommateur s&rsquo;engage \u00e0 se renseigner sur les prix appliqu\u00e9s sur place avant chaque recharge, \u00e0 v\u00e9rifier s&rsquo;il est financi\u00e8rement en mesure de payer le processus de recharge pr\u00e9vu et \u00e0 accepter ces conditions au d\u00e9but du processus de recharge. Pour chaque borne de recharge compatible avec Bestcharge, il existe des prix sp\u00e9cifiques qui peuvent \u00eatre consult\u00e9s dans l&rsquo;application Bestcharge. Les \u00e9ventuelles r\u00e9clamations concernant le non-respect des prix respectifs aux points de charge ne seront pas rembours\u00e9es par Bestcharge. Bestcharge ne peut \u00eatre tenu responsable d&rsquo;une mauvaise compr\u00e9hension des tarifs. Si l&rsquo;acc\u00e8s aux tarifs n&rsquo;est pas possible, le consommateur doit s&rsquo;abstenir de toute recharge via le service de paiement Bestcharge, car il sera alors pr\u00e9sum\u00e9 qu&rsquo;il accepte les tarifs mentionn\u00e9s sans responsabilit\u00e9 de Bestcharge. Bestcharge se r\u00e9serve le droit de fixer un paiement maximal mensuel ou une limite de volume pour les recharges d&rsquo;\u00e9lectricit\u00e9 afin de prot\u00e9ger l&rsquo;utilisateur contre des incidents de facturation importants.<\/p>\n\n\n\n<p>13.3. En cas de retard de paiement, Bestcharge essaiera de d\u00e9biter le montant d\u00fb de la carte de cr\u00e9dit du client chaque semaine. Bestcharge se r\u00e9serve le droit de bloquer \u00e0 tout moment les services li\u00e9s \u00e0 l&rsquo;utilisateur en cas de non-paiement. En cas de non-paiement du montant d\u00fb, deux mois apr\u00e8s la r\u00e9ception de la facture, Bestcharge engagera une proc\u00e9dure de recouvrement \u00e0 la charge de l&rsquo;utilisateur.<\/p>\n\t\t\t\t\t\t\t\t<\/div>\n\t\t\t\t<\/div>\n\t\t\t\t\t<\/div>\n\t\t\t\t<\/div>\n\t\t\t\t<\/div>","protected":false},"excerpt":{"rendered":"<p>Conditions g\u00e9n\u00e9rales de vente et d&rsquo;utilisation de Bestcharge Version en vigueur \u00e0 partir du 01.10.2023 \u00c9diteur : PC-Tank s.\u00e0.r.l. Adresse : 2, rue Jean Fischbach L-3372 Leudelange (Luxembourg) Ces conditions g\u00e9n\u00e9rales de vente et d&rsquo;utilisation \u00e9tablissent les conditions g\u00e9n\u00e9rales selon lesquelles PC-Tank s.\u00e0.r.l. met \u00e0 disposition ses services pour les utilisateurs. Toute utilisation des services [&hellip;]<\/p>","protected":false},"author":6,"featured_media":0,"parent":0,"menu_order":0,"comment_status":"closed","ping_status":"closed","template":"","meta":{"_seopress_robots_primary_cat":"","_seopress_titles_title":"","_seopress_titles_desc":"","_seopress_robots_index":"","footnotes":""},"class_list":["post-6701","page","type-page","status-publish","hentry"],"_links":{"self":[{"href":"https:\/\/petro-center.lu\/en\/wp-json\/wp\/v2\/pages\/6701","targetHints":{"allow":["GET"]}}],"collection":[{"href":"https:\/\/petro-center.lu\/en\/wp-json\/wp\/v2\/pages"}],"about":[{"href":"https:\/\/petro-center.lu\/en\/wp-json\/wp\/v2\/types\/page"}],"author":[{"embeddable":true,"href":"https:\/\/petro-center.lu\/en\/wp-json\/wp\/v2\/users\/6"}],"replies":[{"embeddable":true,"href":"https:\/\/petro-center.lu\/en\/wp-json\/wp\/v2\/comments?post=6701"}],"version-history":[{"count":4,"href":"https:\/\/petro-center.lu\/en\/wp-json\/wp\/v2\/pages\/6701\/revisions"}],"predecessor-version":[{"id":6707,"href":"https:\/\/petro-center.lu\/en\/wp-json\/wp\/v2\/pages\/6701\/revisions\/6707"}],"wp:attachment":[{"href":"https:\/\/petro-center.lu\/en\/wp-json\/wp\/v2\/media?parent=6701"}],"curies":[{"name":"wp","href":"https:\/\/api.w.org\/{rel}","templated":true}]}}