{"id":803,"date":"2023-06-07T19:35:44","date_gmt":"2023-06-07T17:35:44","guid":{"rendered":"https:\/\/petro-center.lu\/?page_id=803"},"modified":"2023-11-29T13:28:33","modified_gmt":"2023-11-29T11:28:33","slug":"who-we-are","status":"publish","type":"page","link":"https:\/\/petro-center.lu\/en\/who-we-are\/","title":{"rendered":"Qui sommes-nous ?"},"content":{"rendered":"<div data-elementor-type=\"wp-page\" data-elementor-id=\"803\" class=\"elementor elementor-803\" data-elementor-post-type=\"page\">\n\t\t\t\t\t\t<section class=\"elementor-section elementor-top-section elementor-element elementor-element-335b8cc0 elementor-section-height-min-height elementor-section-items-stretch elementor-section-content-middle elementor-section-boxed elementor-section-height-default\" data-id=\"335b8cc0\" data-element_type=\"section\" data-settings=\"{&quot;background_background&quot;:&quot;classic&quot;,&quot;ekit_has_onepagescroll_dot&quot;:&quot;yes&quot;}\">\n\t\t\t\t\t\t\t<div class=\"elementor-background-overlay\"><\/div>\n\t\t\t\t\t\t\t<div class=\"elementor-container elementor-column-gap-default\">\n\t\t\t\t\t<div class=\"elementor-column elementor-col-100 elementor-top-column elementor-element elementor-element-31cba258\" data-id=\"31cba258\" data-element_type=\"column\">\n\t\t\t<div class=\"elementor-widget-wrap elementor-element-populated\">\n\t\t\t\t\t\t<div class=\"elementor-element elementor-element-4d8c5299 elementor-widget elementor-widget-heading\" data-id=\"4d8c5299\" data-element_type=\"widget\" data-settings=\"{&quot;ekit_we_effect_on&quot;:&quot;none&quot;}\" data-widget_type=\"heading.default\">\n\t\t\t\t<div class=\"elementor-widget-container\">\n\t\t\t\t\t<h1 class=\"elementor-heading-title elementor-size-default\">Qui sommes-nous ?<\/h1>\t\t\t\t<\/div>\n\t\t\t\t<\/div>\n\t\t\t\t\t<\/div>\n\t\t<\/div>\n\t\t\t\t\t<\/div>\n\t\t<\/section>\n\t\t\t\t<section class=\"elementor-section elementor-top-section elementor-element elementor-element-46ef566e elementor-section-boxed elementor-section-height-default elementor-section-height-default\" data-id=\"46ef566e\" data-element_type=\"section\" data-settings=\"{&quot;ekit_has_onepagescroll_dot&quot;:&quot;yes&quot;}\">\n\t\t\t\t\t\t<div class=\"elementor-container elementor-column-gap-default\">\n\t\t\t\t\t<div class=\"elementor-column elementor-col-50 elementor-top-column elementor-element elementor-element-61ca3ec4\" data-id=\"61ca3ec4\" data-element_type=\"column\">\n\t\t\t<div class=\"elementor-widget-wrap elementor-element-populated\">\n\t\t\t\t\t\t<div class=\"elementor-element elementor-element-147f024c elementor-invisible elementor-widget elementor-widget-image\" data-id=\"147f024c\" data-element_type=\"widget\" data-settings=\"{&quot;_animation&quot;:&quot;slideInLeft&quot;,&quot;ekit_we_effect_on&quot;:&quot;none&quot;}\" data-widget_type=\"image.default\">\n\t\t\t\t<div class=\"elementor-widget-container\">\n\t\t\t\t\t\t\t\t\t\t\t\t\t\t\t<img fetchpriority=\"high\" decoding=\"async\" width=\"900\" height=\"900\" src=\"https:\/\/petro-center.lu\/wp-content\/uploads\/2023\/05\/Petro-900x900-1.png\" class=\"attachment-full size-full wp-image-290\" alt=\"\" srcset=\"https:\/\/petro-center.lu\/wp-content\/uploads\/2023\/05\/Petro-900x900-1.png 900w, https:\/\/petro-center.lu\/wp-content\/uploads\/2023\/05\/Petro-900x900-1-300x300.png 300w, https:\/\/petro-center.lu\/wp-content\/uploads\/2023\/05\/Petro-900x900-1-150x150.png 150w, https:\/\/petro-center.lu\/wp-content\/uploads\/2023\/05\/Petro-900x900-1-768x768.png 768w\" sizes=\"(max-width: 900px) 100vw, 900px\" \/>\t\t\t\t\t\t\t\t\t\t\t\t\t\t\t<\/div>\n\t\t\t\t<\/div>\n\t\t\t\t<div class=\"elementor-element elementor-element-40e9dc37 elementor-absolute elementor-invisible elementor-widget elementor-widget-image\" data-id=\"40e9dc37\" data-element_type=\"widget\" data-settings=\"{&quot;_animation&quot;:&quot;slideInLeft&quot;,&quot;_position&quot;:&quot;absolute&quot;,&quot;ekit_we_effect_on&quot;:&quot;none&quot;}\" data-widget_type=\"image.default\">\n\t\t\t\t<div class=\"elementor-widget-container\">\n\t\t\t\t\t\t\t\t\t\t\t\t\t\t\t<img decoding=\"async\" width=\"1200\" height=\"1600\" src=\"https:\/\/petro-center.lu\/wp-content\/uploads\/2023\/07\/plat.jpg\" class=\"attachment-full size-full wp-image-2127\" alt=\"Petro Center Esso Stations essence Luxembourg Carburant Chauffage Gaz Pellets Lubrifiant Livraison Borne de recharge\" srcset=\"https:\/\/petro-center.lu\/wp-content\/uploads\/2023\/07\/plat.jpg 1200w, https:\/\/petro-center.lu\/wp-content\/uploads\/2023\/07\/plat-225x300.jpg 225w, https:\/\/petro-center.lu\/wp-content\/uploads\/2023\/07\/plat-768x1024.jpg 768w, https:\/\/petro-center.lu\/wp-content\/uploads\/2023\/07\/plat-1152x1536.jpg 1152w\" sizes=\"(max-width: 1200px) 100vw, 1200px\" \/>\t\t\t\t\t\t\t\t\t\t\t\t\t\t\t<\/div>\n\t\t\t\t<\/div>\n\t\t\t\t\t<\/div>\n\t\t<\/div>\n\t\t\t\t<div class=\"elementor-column elementor-col-50 elementor-top-column elementor-element elementor-element-3f48dbec\" data-id=\"3f48dbec\" data-element_type=\"column\">\n\t\t\t<div class=\"elementor-widget-wrap elementor-element-populated\">\n\t\t\t\t\t\t<div class=\"elementor-element elementor-element-4970d60c elementor-widget elementor-widget-heading\" data-id=\"4970d60c\" data-element_type=\"widget\" data-settings=\"{&quot;ekit_we_effect_on&quot;:&quot;none&quot;}\" data-widget_type=\"heading.default\">\n\t\t\t\t<div class=\"elementor-widget-container\">\n\t\t\t\t\t<h3 class=\"elementor-heading-title elementor-size-default\">Votre sp\u00e9cialiste en produits p\u00e9troliers et d\u00e9riv\u00e9s<\/h3>\t\t\t\t<\/div>\n\t\t\t\t<\/div>\n\t\t\t\t<div class=\"elementor-element elementor-element-234bfd06 elementor-widget elementor-widget-text-editor\" data-id=\"234bfd06\" data-element_type=\"widget\" data-settings=\"{&quot;ekit_we_effect_on&quot;:&quot;none&quot;}\" data-widget_type=\"text-editor.default\">\n\t\t\t\t<div class=\"elementor-widget-container\">\n\t\t\t\t\t\t\t\t\t<p><span style=\"font-weight: 400;\">Travaillant dans le domaine depuis 2000, le groupe PETRO-CENTER \/ PC-Tank est sp\u00e9cialis\u00e9 dans la vente et la livraison de tous produits p\u00e9troliers et d\u00e9riv\u00e9es ainsi que dans la gestion et fourniture d\u2019un large r\u00e9seau de 25 stations-services sous la marque ESSO.&nbsp;<\/span><\/p>\n<p><span style=\"font-weight: 400;\">Repr\u00e9sentant des marques Esso, Mobil, Q8, Energygaz, PFC Card, OneStop,&nbsp; Gourmet Rapide, Bestwash, BestCharge, Floraldesign, PS-Tabak, l\u2019Annexe et Delhaize,&nbsp; PETRO-CENTER est enti\u00e8rement d\u00e9tenu par un actionnariat luxembourgeois.<\/span><\/p>\t\t\t\t\t\t\t\t<\/div>\n\t\t\t\t<\/div>\n\t\t\t\t\t<\/div>\n\t\t<\/div>\n\t\t\t\t\t<\/div>\n\t\t<\/section>\n\t\t\t\t<section class=\"elementor-section elementor-top-section elementor-element elementor-element-1abd1b4 elementor-section-boxed elementor-section-height-default elementor-section-height-default\" data-id=\"1abd1b4\" data-element_type=\"section\" data-settings=\"{&quot;ekit_has_onepagescroll_dot&quot;:&quot;yes&quot;}\">\n\t\t\t\t\t\t<div class=\"elementor-container elementor-column-gap-default\">\n\t\t\t\t\t<div class=\"elementor-column elementor-col-50 elementor-top-column elementor-element elementor-element-604d401c elementor-invisible\" data-id=\"604d401c\" data-element_type=\"column\" data-settings=\"{&quot;animation&quot;:&quot;slideInLeft&quot;}\">\n\t\t\t<div class=\"elementor-widget-wrap elementor-element-populated\">\n\t\t\t\t\t\t<div class=\"elementor-element elementor-element-1859ff83 elementor-widget__width-initial elementor-widget-divider--view-line elementor-widget elementor-widget-divider\" data-id=\"1859ff83\" data-element_type=\"widget\" data-settings=\"{&quot;ekit_we_effect_on&quot;:&quot;none&quot;}\" data-widget_type=\"divider.default\">\n\t\t\t\t<div class=\"elementor-widget-container\">\n\t\t\t\t\t\t\t<div class=\"elementor-divider\">\n\t\t\t<span class=\"elementor-divider-separator\">\n\t\t\t\t\t\t<\/span>\n\t\t<\/div>\n\t\t\t\t\t\t<\/div>\n\t\t\t\t<\/div>\n\t\t\t\t<div class=\"elementor-element elementor-element-247a5962 elementor-widget__width-initial elementor-widget elementor-widget-heading\" data-id=\"247a5962\" data-element_type=\"widget\" data-settings=\"{&quot;ekit_we_effect_on&quot;:&quot;none&quot;}\" data-widget_type=\"heading.default\">\n\t\t\t\t<div class=\"elementor-widget-container\">\n\t\t\t\t\t<h4 class=\"elementor-heading-title elementor-size-default\">Nous repr\u00e9sentons les marques <\/h4>\t\t\t\t<\/div>\n\t\t\t\t<\/div>\n\t\t\t\t\t<\/div>\n\t\t<\/div>\n\t\t\t\t<div class=\"elementor-column elementor-col-50 elementor-top-column elementor-element elementor-element-7904fba8\" data-id=\"7904fba8\" data-element_type=\"column\">\n\t\t\t<div class=\"elementor-widget-wrap elementor-element-populated\">\n\t\t\t\t\t\t<div class=\"elementor-element elementor-element-48813abb elementor-widget elementor-widget-image-carousel\" data-id=\"48813abb\" data-element_type=\"widget\" data-settings=\"{&quot;slides_to_show&quot;:&quot;4&quot;,&quot;slides_to_scroll&quot;:&quot;1&quot;,&quot;navigation&quot;:&quot;none&quot;,&quot;image_spacing_custom&quot;:{&quot;unit&quot;:&quot;px&quot;,&quot;size&quot;:18,&quot;sizes&quot;:[]},&quot;slides_to_show_mobile&quot;:&quot;4&quot;,&quot;slides_to_show_tablet&quot;:&quot;3&quot;,&quot;autoplay&quot;:&quot;yes&quot;,&quot;pause_on_hover&quot;:&quot;yes&quot;,&quot;pause_on_interaction&quot;:&quot;yes&quot;,&quot;autoplay_speed&quot;:5000,&quot;infinite&quot;:&quot;yes&quot;,&quot;speed&quot;:500,&quot;image_spacing_custom_tablet&quot;:{&quot;unit&quot;:&quot;px&quot;,&quot;size&quot;:&quot;&quot;,&quot;sizes&quot;:[]},&quot;image_spacing_custom_mobile&quot;:{&quot;unit&quot;:&quot;px&quot;,&quot;size&quot;:&quot;&quot;,&quot;sizes&quot;:[]},&quot;ekit_we_effect_on&quot;:&quot;none&quot;}\" data-widget_type=\"image-carousel.default\">\n\t\t\t\t<div class=\"elementor-widget-container\">\n\t\t\t\t\t\t\t<div class=\"elementor-image-carousel-wrapper swiper\" role=\"region\" aria-roledescription=\"carousel\" aria-label=\"Carrousel d\u2019images\" dir=\"ltr\">\n\t\t\t<div class=\"elementor-image-carousel swiper-wrapper\" aria-live=\"off\">\n\t\t\t\t\t\t\t\t<div class=\"swiper-slide\" role=\"group\" aria-roledescription=\"slide\" aria-label=\"1 sur 10\"><figure class=\"swiper-slide-inner\"><img decoding=\"async\" class=\"swiper-slide-image\" src=\"https:\/\/petro-center.lu\/wp-content\/uploads\/2023\/03\/essov2-150x150.png\" alt=\"essov2\" \/><\/figure><\/div><div class=\"swiper-slide\" role=\"group\" aria-roledescription=\"slide\" aria-label=\"2 sur 10\"><figure class=\"swiper-slide-inner\"><img decoding=\"async\" class=\"swiper-slide-image\" src=\"https:\/\/petro-center.lu\/wp-content\/uploads\/2023\/06\/1-150x150.png\" alt=\"Petro Center Esso Stations essence Luxembourg Carburant Chauffage Gaz Pellets Lubrifiant Livraison Borne de recharge\" \/><\/figure><\/div><div class=\"swiper-slide\" role=\"group\" aria-roledescription=\"slide\" aria-label=\"3 sur 10\"><figure class=\"swiper-slide-inner\"><img decoding=\"async\" class=\"swiper-slide-image\" src=\"https:\/\/petro-center.lu\/wp-content\/uploads\/2023\/06\/9-150x150.png\" alt=\"Petro Center Esso Stations essence Luxembourg Carburant Chauffage Gaz Pellets Lubrifiant Livraison Borne de recharge\" \/><\/figure><\/div><div class=\"swiper-slide\" role=\"group\" aria-roledescription=\"slide\" aria-label=\"4 sur 10\"><figure class=\"swiper-slide-inner\"><img decoding=\"async\" class=\"swiper-slide-image\" src=\"https:\/\/petro-center.lu\/wp-content\/uploads\/2023\/06\/3-150x150.png\" alt=\"Petro Center Esso Stations essence Luxembourg Carburant Chauffage Gaz Pellets Lubrifiant Livraison Borne de recharge\" \/><\/figure><\/div><div class=\"swiper-slide\" role=\"group\" aria-roledescription=\"slide\" aria-label=\"5 sur 10\"><figure class=\"swiper-slide-inner\"><img decoding=\"async\" class=\"swiper-slide-image\" src=\"https:\/\/petro-center.lu\/wp-content\/uploads\/2023\/06\/4-150x150.png\" alt=\"Petro Center Esso Stations essence Luxembourg Carburant Chauffage Gaz Pellets Lubrifiant Livraison Borne de recharge\" \/><\/figure><\/div><div class=\"swiper-slide\" role=\"group\" aria-roledescription=\"slide\" aria-label=\"6 sur 10\"><figure class=\"swiper-slide-inner\"><img decoding=\"async\" class=\"swiper-slide-image\" src=\"https:\/\/petro-center.lu\/wp-content\/uploads\/2023\/06\/7-150x150.png\" alt=\"Petro Center Esso Stations essence Luxembourg Carburant Chauffage Gaz Pellets Lubrifiant Livraison Borne de recharge\" \/><\/figure><\/div><div class=\"swiper-slide\" role=\"group\" aria-roledescription=\"slide\" aria-label=\"7 sur 10\"><figure class=\"swiper-slide-inner\"><img decoding=\"async\" class=\"swiper-slide-image\" src=\"https:\/\/petro-center.lu\/wp-content\/uploads\/2023\/06\/8-150x150.png\" alt=\"Petro Center Esso Stations essence Luxembourg Carburant Chauffage Gaz Pellets Lubrifiant Livraison Borne de recharge\" \/><\/figure><\/div><div class=\"swiper-slide\" role=\"group\" aria-roledescription=\"slide\" aria-label=\"8 sur 10\"><figure class=\"swiper-slide-inner\"><img decoding=\"async\" class=\"swiper-slide-image\" src=\"https:\/\/petro-center.lu\/wp-content\/uploads\/2023\/05\/floraldesign-150x150.png\" alt=\"Petro Center Esso Stations essence Luxembourg Carburant Chauffage Gaz Pellets Lubrifiant Livraison Borne de recharge\" \/><\/figure><\/div><div class=\"swiper-slide\" role=\"group\" aria-roledescription=\"slide\" aria-label=\"9 sur 10\"><figure class=\"swiper-slide-inner\"><img decoding=\"async\" class=\"swiper-slide-image\" src=\"https:\/\/petro-center.lu\/wp-content\/uploads\/2023\/05\/Gourmetrapide-150x150.png\" alt=\"Petro Center Esso Stations essence Luxembourg Carburant Chauffage Gaz Pellets Lubrifiant Livraison Borne de recharge\" \/><\/figure><\/div><div class=\"swiper-slide\" role=\"group\" aria-roledescription=\"slide\" aria-label=\"10 sur 10\"><figure class=\"swiper-slide-inner\"><img decoding=\"async\" class=\"swiper-slide-image\" src=\"https:\/\/petro-center.lu\/wp-content\/uploads\/2023\/05\/bestcharge_logo-1-150x150.png\" alt=\"Petro Center Esso Stations essence Luxembourg Carburant Chauffage Gaz Pellets Lubrifiant Livraison Borne de recharge\" \/><\/figure><\/div>\t\t\t<\/div>\n\t\t\t\t\t\t\t\n\t\t\t\t\t\t\t\t\t<\/div>\n\t\t\t\t\t\t<\/div>\n\t\t\t\t<\/div>\n\t\t\t\t\t<\/div>\n\t\t<\/div>\n\t\t\t\t\t<\/div>\n\t\t<\/section>\n\t\t\t\t<section class=\"elementor-section elementor-top-section elementor-element elementor-element-6fdac9da elementor-reverse-mobile elementor-section-boxed elementor-section-height-default elementor-section-height-default\" data-id=\"6fdac9da\" data-element_type=\"section\" data-settings=\"{&quot;background_background&quot;:&quot;classic&quot;,&quot;ekit_has_onepagescroll_dot&quot;:&quot;yes&quot;}\">\n\t\t\t\t\t\t\t<div class=\"elementor-background-overlay\"><\/div>\n\t\t\t\t\t\t\t<div class=\"elementor-container elementor-column-gap-default\">\n\t\t\t\t\t<div class=\"elementor-column elementor-col-100 elementor-top-column elementor-element elementor-element-60363f0\" data-id=\"60363f0\" data-element_type=\"column\">\n\t\t\t<div class=\"elementor-widget-wrap elementor-element-populated\">\n\t\t\t\t\t\t<div class=\"elementor-element elementor-element-218b149 elementor-widget elementor-widget-spacer\" data-id=\"218b149\" data-element_type=\"widget\" data-settings=\"{&quot;ekit_we_effect_on&quot;:&quot;none&quot;}\" data-widget_type=\"spacer.default\">\n\t\t\t\t<div class=\"elementor-widget-container\">\n\t\t\t\t\t\t\t<div class=\"elementor-spacer\">\n\t\t\t<div class=\"elementor-spacer-inner\"><\/div>\n\t\t<\/div>\n\t\t\t\t\t\t<\/div>\n\t\t\t\t<\/div>\n\t\t\t\t<div class=\"elementor-element elementor-element-72a0448 elementor-widget elementor-widget-heading\" data-id=\"72a0448\" data-element_type=\"widget\" data-settings=\"{&quot;ekit_we_effect_on&quot;:&quot;none&quot;}\" data-widget_type=\"heading.default\">\n\t\t\t\t<div class=\"elementor-widget-container\">\n\t\t\t\t\t<h3 class=\"elementor-heading-title elementor-size-default\">Vous souhaitez rejoindre nos \u00e9quipes ? <\/h3>\t\t\t\t<\/div>\n\t\t\t\t<\/div>\n\t\t\t\t<div class=\"elementor-element elementor-element-a8c6019 elementor-align-center elementor-widget elementor-widget-button\" data-id=\"a8c6019\" data-element_type=\"widget\" data-settings=\"{&quot;ekit_we_effect_on&quot;:&quot;none&quot;}\" data-widget_type=\"button.default\">\n\t\t\t\t<div class=\"elementor-widget-container\">\n\t\t\t\t\t\t\t\t\t<div class=\"elementor-button-wrapper\">\n\t\t\t\t\t<a class=\"elementor-button elementor-button-link elementor-size-sm elementor-animation-pulse\" href=\"https:\/\/petro-center.lu\/en\/esso-stations\/\">\n\t\t\t\t\t\t<span class=\"elementor-button-content-wrapper\">\n\t\t\t\t\t\t\t\t\t<span class=\"elementor-button-text\">Je postule<\/span>\n\t\t\t\t\t<\/span>\n\t\t\t\t\t<\/a>\n\t\t\t\t<\/div>\n\t\t\t\t\t\t\t\t<\/div>\n\t\t\t\t<\/div>\n\t\t\t\t<div class=\"elementor-element elementor-element-e2fd4b9 elementor-widget elementor-widget-spacer\" data-id=\"e2fd4b9\" data-element_type=\"widget\" data-settings=\"{&quot;ekit_we_effect_on&quot;:&quot;none&quot;}\" data-widget_type=\"spacer.default\">\n\t\t\t\t<div class=\"elementor-widget-container\">\n\t\t\t\t\t\t\t<div class=\"elementor-spacer\">\n\t\t\t<div class=\"elementor-spacer-inner\"><\/div>\n\t\t<\/div>\n\t\t\t\t\t\t<\/div>\n\t\t\t\t<\/div>\n\t\t\t\t\t<\/div>\n\t\t<\/div>\n\t\t\t\t\t<\/div>\n\t\t<\/section>\n\t\t\t\t<\/div>","protected":false},"excerpt":{"rendered":"<p>Qui sommes-nous ? Votre sp\u00e9cialiste en produits p\u00e9troliers et d\u00e9riv\u00e9s Travaillant dans le domaine depuis 2000, le groupe PETRO-CENTER \/ PC-Tank est sp\u00e9cialis\u00e9 dans la vente et la livraison de tous produits p\u00e9troliers et d\u00e9riv\u00e9es ainsi que dans la gestion et fourniture d\u2019un large r\u00e9seau de 25 stations-services sous la marque ESSO.&nbsp; Repr\u00e9sentant des marques [&hellip;]<\/p>","protected":false},"author":6,"featured_media":0,"parent":0,"menu_order":0,"comment_status":"closed","ping_status":"closed","template":"","meta":{"_seopress_robots_primary_cat":"","_seopress_titles_title":"Qui sommes-nous | Petro-Center Luxembourg","_seopress_titles_desc":"Depuis plus de 20 ans, le groupe PETRO-CENTER \/ PC-Tank est sp\u00e9cialis\u00e9 dans la vente et la livraison de tous produits p\u00e9troliers et d\u00e9riv\u00e9es ainsi que dans la gestion et fourniture d\u2019un large r\u00e9seau de 25 stations-services sous la marque ESSO.","_seopress_robots_index":"","footnotes":""},"class_list":["post-803","page","type-page","status-publish","hentry"],"_links":{"self":[{"href":"https:\/\/petro-center.lu\/en\/wp-json\/wp\/v2\/pages\/803","targetHints":{"allow":["GET"]}}],"collection":[{"href":"https:\/\/petro-center.lu\/en\/wp-json\/wp\/v2\/pages"}],"about":[{"href":"https:\/\/petro-center.lu\/en\/wp-json\/wp\/v2\/types\/page"}],"author":[{"embeddable":true,"href":"https:\/\/petro-center.lu\/en\/wp-json\/wp\/v2\/users\/6"}],"replies":[{"embeddable":true,"href":"https:\/\/petro-center.lu\/en\/wp-json\/wp\/v2\/comments?post=803"}],"version-history":[{"count":50,"href":"https:\/\/petro-center.lu\/en\/wp-json\/wp\/v2\/pages\/803\/revisions"}],"predecessor-version":[{"id":3305,"href":"https:\/\/petro-center.lu\/en\/wp-json\/wp\/v2\/pages\/803\/revisions\/3305"}],"wp:attachment":[{"href":"https:\/\/petro-center.lu\/en\/wp-json\/wp\/v2\/media?parent=803"}],"curies":[{"name":"wp","href":"https:\/\/api.w.org\/{rel}","templated":true}]}}